{"id":3493,"date":"2024-12-23T12:40:19","date_gmt":"2024-12-23T11:40:19","guid":{"rendered":"https:\/\/ambler.es\/assegurances-empreses\/asseguranca-de-flota-de-vehicles\/"},"modified":"2026-01-27T11:57:16","modified_gmt":"2026-01-27T10:57:16","slug":"asseguranca-de-flota-de-vehicles","status":"publish","type":"page","link":"https:\/\/ambler.es\/ca\/assegurances-empreses\/asseguranca-de-flota-de-vehicles\/","title":{"rendered":"Asseuran\u00e7a de Flota de Vehicles"},"content":{"rendered":"<p>Asseguran\u00e7a de salut per a treballadors<\/p>\n","protected":false},"excerpt":{"rendered":"<p>Garanteix la cobertura de danys a tercers ocasionats per qualsevol vehicle de la flota assegurada.<\/p>\n","protected":false},"author":3,"featured_media":5331,"parent":3385,"menu_order":41,"comment_status":"closed","ping_status":"closed","template":"","meta":{"_acf_changed":false,"footnotes":""},"tags":[169],"class_list":["post-3493","page","type-page","status-publish","has-post-thumbnail","hentry","tag-seguros"],"acf":[],"yoast_head":"<!-- This site is optimized with the Yoast SEO plugin v27.2 - https:\/\/yoast.com\/product\/yoast-seo-wordpress\/ -->\n<title>Asseuran\u00e7a de Flota de Vehicles - Ambler | Corredur\u00eda de Seguros<\/title>\n<meta name=\"description\" content=\"L&#039;asseguran\u00e7a de Flota de Vehicles garanteix l&#039;efici\u00e8ncia operativa i proporciona seguretat als conductors. Contacta&#039;ns per a saber m\u00e9s.\" \/>\n<meta name=\"robots\" content=\"index, follow, max-snippet:-1, max-image-preview:large, max-video-preview:-1\" \/>\n<link rel=\"canonical\" href=\"https:\/\/ambler.es\/ca\/assegurances-empreses\/asseguranca-de-flota-de-vehicles\/\" \/>\n<meta property=\"og:locale\" content=\"ca_ES\" \/>\n<meta property=\"og:type\" content=\"article\" \/>\n<meta property=\"og:title\" content=\"Asseuran\u00e7a de Flota de Vehicles - Ambler | Corredur\u00eda de Seguros\" \/>\n<meta property=\"og:description\" content=\"L&#039;asseguran\u00e7a de Flota de Vehicles garanteix l&#039;efici\u00e8ncia operativa i proporciona seguretat als conductors. Contacta&#039;ns per a saber m\u00e9s.\" \/>\n<meta property=\"og:url\" content=\"https:\/\/ambler.es\/ca\/assegurances-empreses\/asseguranca-de-flota-de-vehicles\/\" \/>\n<meta property=\"og:site_name\" content=\"Ambler | Corredur\u00eda de Seguros\" \/>\n<meta property=\"article:modified_time\" content=\"2026-01-27T10:57:16+00:00\" \/>\n<meta property=\"og:image\" content=\"https:\/\/ambler.es\/wp-content\/uploads\/2024\/02\/seguro-de-flota-de-vehiculos-1.png\" \/>\n\t<meta property=\"og:image:width\" content=\"1920\" \/>\n\t<meta property=\"og:image:height\" content=\"600\" \/>\n\t<meta property=\"og:image:type\" content=\"image\/png\" \/>\n<meta name=\"twitter:card\" content=\"summary_large_image\" \/>\n<script type=\"application\/ld+json\" class=\"yoast-schema-graph\">{\"@context\":\"https:\/\/schema.org\",\"@graph\":[{\"@type\":\"WebPage\",\"@id\":\"https:\/\/ambler.es\/ca\/assegurances-empreses\/asseguranca-de-flota-de-vehicles\/\",\"url\":\"https:\/\/ambler.es\/ca\/assegurances-empreses\/asseguranca-de-flota-de-vehicles\/\",\"name\":\"Asseuran\u00e7a de Flota de Vehicles - Ambler | Corredur\u00eda de Seguros\",\"isPartOf\":{\"@id\":\"https:\/\/ambler.es\/ca\/#website\"},\"primaryImageOfPage\":{\"@id\":\"https:\/\/ambler.es\/ca\/assegurances-empreses\/asseguranca-de-flota-de-vehicles\/#primaryimage\"},\"image\":{\"@id\":\"https:\/\/ambler.es\/ca\/assegurances-empreses\/asseguranca-de-flota-de-vehicles\/#primaryimage\"},\"thumbnailUrl\":\"https:\/\/ambler.es\/wp-content\/uploads\/2024\/02\/seguro-de-flota-de-vehiculos-1.png\",\"datePublished\":\"2024-12-23T11:40:19+00:00\",\"dateModified\":\"2026-01-27T10:57:16+00:00\",\"description\":\"L'asseguran\u00e7a de Flota de Vehicles garanteix l'efici\u00e8ncia operativa i proporciona seguretat als conductors. Contacta'ns per a saber m\u00e9s.\",\"breadcrumb\":{\"@id\":\"https:\/\/ambler.es\/ca\/assegurances-empreses\/asseguranca-de-flota-de-vehicles\/#breadcrumb\"},\"inLanguage\":\"ca\",\"potentialAction\":[{\"@type\":\"ReadAction\",\"target\":[\"https:\/\/ambler.es\/ca\/assegurances-empreses\/asseguranca-de-flota-de-vehicles\/\"]}]},{\"@type\":\"ImageObject\",\"inLanguage\":\"ca\",\"@id\":\"https:\/\/ambler.es\/ca\/assegurances-empreses\/asseguranca-de-flota-de-vehicles\/#primaryimage\",\"url\":\"https:\/\/ambler.es\/wp-content\/uploads\/2024\/02\/seguro-de-flota-de-vehiculos-1.png\",\"contentUrl\":\"https:\/\/ambler.es\/wp-content\/uploads\/2024\/02\/seguro-de-flota-de-vehiculos-1.png\",\"width\":1920,\"height\":600,\"caption\":\"seguro de flota de vehiculos\"},{\"@type\":\"BreadcrumbList\",\"@id\":\"https:\/\/ambler.es\/ca\/assegurances-empreses\/asseguranca-de-flota-de-vehicles\/#breadcrumb\",\"itemListElement\":[{\"@type\":\"ListItem\",\"position\":1,\"name\":\"Portada\",\"item\":\"https:\/\/ambler.es\/\"},{\"@type\":\"ListItem\",\"position\":2,\"name\":\"Assegurances Empreses\",\"item\":\"https:\/\/ambler.es\/ca\/assegurances-empreses\/\"},{\"@type\":\"ListItem\",\"position\":3,\"name\":\"Asseuran\u00e7a de Flota de Vehicles\"}]},{\"@type\":\"WebSite\",\"@id\":\"https:\/\/ambler.es\/ca\/#website\",\"url\":\"https:\/\/ambler.es\/ca\/\",\"name\":\"Ambler | Corredur\u00eda de Seguros\",\"description\":\"Ambler es tu Corredur\u00eda de Seguros de confianza. Gestionamos tus riesgos para darte tranquilidad a ti y a los tuyos. Cont\u00e1ctanos para saber m\u00e1s.\",\"publisher\":{\"@id\":\"https:\/\/ambler.es\/ca\/#organization\"},\"potentialAction\":[{\"@type\":\"SearchAction\",\"target\":{\"@type\":\"EntryPoint\",\"urlTemplate\":\"https:\/\/ambler.es\/ca\/?s={search_term_string}\"},\"query-input\":{\"@type\":\"PropertyValueSpecification\",\"valueRequired\":true,\"valueName\":\"search_term_string\"}}],\"inLanguage\":\"ca\"},{\"@type\":\"Organization\",\"@id\":\"https:\/\/ambler.es\/ca\/#organization\",\"name\":\"Ambler | Corredur\u00eda de Seguros\",\"url\":\"https:\/\/ambler.es\/ca\/\",\"logo\":{\"@type\":\"ImageObject\",\"inLanguage\":\"ca\",\"@id\":\"https:\/\/ambler.es\/ca\/#\/schema\/logo\/image\/\",\"url\":\"https:\/\/ambler.es\/wp-content\/uploads\/2024\/12\/logo-ambler.svg\",\"contentUrl\":\"https:\/\/ambler.es\/wp-content\/uploads\/2024\/12\/logo-ambler.svg\",\"caption\":\"Ambler | Corredur\u00eda de Seguros\"},\"image\":{\"@id\":\"https:\/\/ambler.es\/ca\/#\/schema\/logo\/image\/\"}}]}<\/script>\n<!-- \/ Yoast SEO plugin. -->","yoast_head_json":{"title":"Asseuran\u00e7a de Flota de Vehicles - Ambler | Corredur\u00eda de Seguros","description":"L'asseguran\u00e7a de Flota de Vehicles garanteix l'efici\u00e8ncia operativa i proporciona seguretat als conductors. Contacta'ns per a saber m\u00e9s.","robots":{"index":"index","follow":"follow","max-snippet":"max-snippet:-1","max-image-preview":"max-image-preview:large","max-video-preview":"max-video-preview:-1"},"canonical":"https:\/\/ambler.es\/ca\/assegurances-empreses\/asseguranca-de-flota-de-vehicles\/","og_locale":"ca_ES","og_type":"article","og_title":"Asseuran\u00e7a de Flota de Vehicles - Ambler | Corredur\u00eda de Seguros","og_description":"L'asseguran\u00e7a de Flota de Vehicles garanteix l'efici\u00e8ncia operativa i proporciona seguretat als conductors. Contacta'ns per a saber m\u00e9s.","og_url":"https:\/\/ambler.es\/ca\/assegurances-empreses\/asseguranca-de-flota-de-vehicles\/","og_site_name":"Ambler | Corredur\u00eda de Seguros","article_modified_time":"2026-01-27T10:57:16+00:00","og_image":[{"width":1920,"height":600,"url":"https:\/\/ambler.es\/wp-content\/uploads\/2024\/02\/seguro-de-flota-de-vehiculos-1.png","type":"image\/png"}],"twitter_card":"summary_large_image","schema":{"@context":"https:\/\/schema.org","@graph":[{"@type":"WebPage","@id":"https:\/\/ambler.es\/ca\/assegurances-empreses\/asseguranca-de-flota-de-vehicles\/","url":"https:\/\/ambler.es\/ca\/assegurances-empreses\/asseguranca-de-flota-de-vehicles\/","name":"Asseuran\u00e7a de Flota de Vehicles - Ambler | Corredur\u00eda de Seguros","isPartOf":{"@id":"https:\/\/ambler.es\/ca\/#website"},"primaryImageOfPage":{"@id":"https:\/\/ambler.es\/ca\/assegurances-empreses\/asseguranca-de-flota-de-vehicles\/#primaryimage"},"image":{"@id":"https:\/\/ambler.es\/ca\/assegurances-empreses\/asseguranca-de-flota-de-vehicles\/#primaryimage"},"thumbnailUrl":"https:\/\/ambler.es\/wp-content\/uploads\/2024\/02\/seguro-de-flota-de-vehiculos-1.png","datePublished":"2024-12-23T11:40:19+00:00","dateModified":"2026-01-27T10:57:16+00:00","description":"L'asseguran\u00e7a de Flota de Vehicles garanteix l'efici\u00e8ncia operativa i proporciona seguretat als conductors. Contacta'ns per a saber m\u00e9s.","breadcrumb":{"@id":"https:\/\/ambler.es\/ca\/assegurances-empreses\/asseguranca-de-flota-de-vehicles\/#breadcrumb"},"inLanguage":"ca","potentialAction":[{"@type":"ReadAction","target":["https:\/\/ambler.es\/ca\/assegurances-empreses\/asseguranca-de-flota-de-vehicles\/"]}]},{"@type":"ImageObject","inLanguage":"ca","@id":"https:\/\/ambler.es\/ca\/assegurances-empreses\/asseguranca-de-flota-de-vehicles\/#primaryimage","url":"https:\/\/ambler.es\/wp-content\/uploads\/2024\/02\/seguro-de-flota-de-vehiculos-1.png","contentUrl":"https:\/\/ambler.es\/wp-content\/uploads\/2024\/02\/seguro-de-flota-de-vehiculos-1.png","width":1920,"height":600,"caption":"seguro de flota de vehiculos"},{"@type":"BreadcrumbList","@id":"https:\/\/ambler.es\/ca\/assegurances-empreses\/asseguranca-de-flota-de-vehicles\/#breadcrumb","itemListElement":[{"@type":"ListItem","position":1,"name":"Portada","item":"https:\/\/ambler.es\/"},{"@type":"ListItem","position":2,"name":"Assegurances Empreses","item":"https:\/\/ambler.es\/ca\/assegurances-empreses\/"},{"@type":"ListItem","position":3,"name":"Asseuran\u00e7a de Flota de Vehicles"}]},{"@type":"WebSite","@id":"https:\/\/ambler.es\/ca\/#website","url":"https:\/\/ambler.es\/ca\/","name":"Ambler | Corredur\u00eda de Seguros","description":"Ambler es tu Corredur\u00eda de Seguros de confianza. Gestionamos tus riesgos para darte tranquilidad a ti y a los tuyos. Cont\u00e1ctanos para saber m\u00e1s.","publisher":{"@id":"https:\/\/ambler.es\/ca\/#organization"},"potentialAction":[{"@type":"SearchAction","target":{"@type":"EntryPoint","urlTemplate":"https:\/\/ambler.es\/ca\/?s={search_term_string}"},"query-input":{"@type":"PropertyValueSpecification","valueRequired":true,"valueName":"search_term_string"}}],"inLanguage":"ca"},{"@type":"Organization","@id":"https:\/\/ambler.es\/ca\/#organization","name":"Ambler | Corredur\u00eda de Seguros","url":"https:\/\/ambler.es\/ca\/","logo":{"@type":"ImageObject","inLanguage":"ca","@id":"https:\/\/ambler.es\/ca\/#\/schema\/logo\/image\/","url":"https:\/\/ambler.es\/wp-content\/uploads\/2024\/12\/logo-ambler.svg","contentUrl":"https:\/\/ambler.es\/wp-content\/uploads\/2024\/12\/logo-ambler.svg","caption":"Ambler | Corredur\u00eda de Seguros"},"image":{"@id":"https:\/\/ambler.es\/ca\/#\/schema\/logo\/image\/"}}]}},"_links":{"self":[{"href":"https:\/\/ambler.es\/ca\/wp-json\/wp\/v2\/pages\/3493","targetHints":{"allow":["GET"]}}],"collection":[{"href":"https:\/\/ambler.es\/ca\/wp-json\/wp\/v2\/pages"}],"about":[{"href":"https:\/\/ambler.es\/ca\/wp-json\/wp\/v2\/types\/page"}],"author":[{"embeddable":true,"href":"https:\/\/ambler.es\/ca\/wp-json\/wp\/v2\/users\/3"}],"replies":[{"embeddable":true,"href":"https:\/\/ambler.es\/ca\/wp-json\/wp\/v2\/comments?post=3493"}],"version-history":[{"count":2,"href":"https:\/\/ambler.es\/ca\/wp-json\/wp\/v2\/pages\/3493\/revisions"}],"predecessor-version":[{"id":6479,"href":"https:\/\/ambler.es\/ca\/wp-json\/wp\/v2\/pages\/3493\/revisions\/6479"}],"up":[{"embeddable":true,"href":"https:\/\/ambler.es\/ca\/wp-json\/wp\/v2\/pages\/3385"}],"wp:featuredmedia":[{"embeddable":true,"href":"https:\/\/ambler.es\/ca\/wp-json\/wp\/v2\/media\/5331"}],"wp:attachment":[{"href":"https:\/\/ambler.es\/ca\/wp-json\/wp\/v2\/media?parent=3493"}],"wp:term":[{"taxonomy":"post_tag","embeddable":true,"href":"https:\/\/ambler.es\/ca\/wp-json\/wp\/v2\/tags?post=3493"}],"curies":[{"name":"wp","href":"https:\/\/api.w.org\/{rel}","templated":true}]}}