{"id":4295,"date":"2025-01-27T18:08:50","date_gmt":"2025-01-27T17:08:50","guid":{"rendered":"https:\/\/ambler.es\/sectors\/assegurances-per-a-la-industria-farmaceutica\/"},"modified":"2025-06-12T10:20:49","modified_gmt":"2025-06-12T08:20:49","slug":"assegurances-per-a-la-industria-farmaceutica","status":"publish","type":"page","link":"https:\/\/ambler.es\/ca\/sectors\/assegurances-per-a-la-industria-farmaceutica\/","title":{"rendered":"Assegurances per a la Ind\u00fastria Farmac\u00e8utica"},"content":{"rendered":"","protected":false},"excerpt":{"rendered":"","protected":false},"author":6,"featured_media":3921,"parent":4291,"menu_order":0,"comment_status":"closed","ping_status":"closed","template":"","meta":{"_acf_changed":false,"footnotes":""},"tags":[57],"class_list":["post-4295","page","type-page","status-publish","has-post-thumbnail","hentry","tag-sectors"],"acf":[],"yoast_head":"<!-- This site is optimized with the Yoast SEO plugin v27.2 - https:\/\/yoast.com\/product\/yoast-seo-wordpress\/ -->\n<title>Assegurances per a la Ind\u00fastria Farmac\u00e8utica - Ambler | Corredur\u00eda de Seguros<\/title>\n<meta name=\"description\" content=\"Ambler ofereix assegurances per a empreses al sector qu\u00edmic i farmac\u00e8utic. Assegurances personalitzables amb \u00e0mplies cobertures.\" \/>\n<meta name=\"robots\" content=\"index, follow, max-snippet:-1, max-image-preview:large, max-video-preview:-1\" \/>\n<link rel=\"canonical\" href=\"https:\/\/ambler.es\/ca\/sectors\/assegurances-per-a-la-industria-farmaceutica\/\" \/>\n<meta property=\"og:locale\" content=\"ca_ES\" \/>\n<meta property=\"og:type\" content=\"article\" \/>\n<meta property=\"og:title\" content=\"Assegurances per a la Ind\u00fastria Farmac\u00e8utica - Ambler | Corredur\u00eda de Seguros\" \/>\n<meta property=\"og:description\" content=\"Ambler ofereix assegurances per a empreses al sector qu\u00edmic i farmac\u00e8utic. Assegurances personalitzables amb \u00e0mplies cobertures.\" \/>\n<meta property=\"og:url\" content=\"https:\/\/ambler.es\/ca\/sectors\/assegurances-per-a-la-industria-farmaceutica\/\" \/>\n<meta property=\"og:site_name\" content=\"Ambler | Corredur\u00eda de Seguros\" \/>\n<meta property=\"article:modified_time\" content=\"2025-06-12T08:20:49+00:00\" \/>\n<meta name=\"twitter:card\" content=\"summary_large_image\" \/>\n<script type=\"application\/ld+json\" class=\"yoast-schema-graph\">{\"@context\":\"https:\/\/schema.org\",\"@graph\":[{\"@type\":\"WebPage\",\"@id\":\"https:\/\/ambler.es\/ca\/sectors\/assegurances-per-a-la-industria-farmaceutica\/\",\"url\":\"https:\/\/ambler.es\/ca\/sectors\/assegurances-per-a-la-industria-farmaceutica\/\",\"name\":\"Assegurances per a la Ind\u00fastria Farmac\u00e8utica - Ambler | Corredur\u00eda de Seguros\",\"isPartOf\":{\"@id\":\"https:\/\/ambler.es\/ca\/#website\"},\"primaryImageOfPage\":{\"@id\":\"https:\/\/ambler.es\/ca\/sectors\/assegurances-per-a-la-industria-farmaceutica\/#primaryimage\"},\"image\":{\"@id\":\"https:\/\/ambler.es\/ca\/sectors\/assegurances-per-a-la-industria-farmaceutica\/#primaryimage\"},\"thumbnailUrl\":\"https:\/\/ambler.es\/wp-content\/uploads\/2025\/01\/Farmacia.png\",\"datePublished\":\"2025-01-27T17:08:50+00:00\",\"dateModified\":\"2025-06-12T08:20:49+00:00\",\"description\":\"Ambler ofereix assegurances per a empreses al sector qu\u00edmic i farmac\u00e8utic. Assegurances personalitzables amb \u00e0mplies cobertures.\",\"breadcrumb\":{\"@id\":\"https:\/\/ambler.es\/ca\/sectors\/assegurances-per-a-la-industria-farmaceutica\/#breadcrumb\"},\"inLanguage\":\"ca\",\"potentialAction\":[{\"@type\":\"ReadAction\",\"target\":[\"https:\/\/ambler.es\/ca\/sectors\/assegurances-per-a-la-industria-farmaceutica\/\"]}]},{\"@type\":\"ImageObject\",\"inLanguage\":\"ca\",\"@id\":\"https:\/\/ambler.es\/ca\/sectors\/assegurances-per-a-la-industria-farmaceutica\/#primaryimage\",\"url\":\"https:\/\/ambler.es\/wp-content\/uploads\/2025\/01\/Farmacia.png\",\"contentUrl\":\"https:\/\/ambler.es\/wp-content\/uploads\/2025\/01\/Farmacia.png\",\"width\":2560,\"height\":1440},{\"@type\":\"BreadcrumbList\",\"@id\":\"https:\/\/ambler.es\/ca\/sectors\/assegurances-per-a-la-industria-farmaceutica\/#breadcrumb\",\"itemListElement\":[{\"@type\":\"ListItem\",\"position\":1,\"name\":\"Portada\",\"item\":\"https:\/\/ambler.es\/\"},{\"@type\":\"ListItem\",\"position\":2,\"name\":\"Sectors\",\"item\":\"https:\/\/ambler.es\/ca\/sectors\/\"},{\"@type\":\"ListItem\",\"position\":3,\"name\":\"Assegurances per a la Ind\u00fastria Farmac\u00e8utica\"}]},{\"@type\":\"WebSite\",\"@id\":\"https:\/\/ambler.es\/ca\/#website\",\"url\":\"https:\/\/ambler.es\/ca\/\",\"name\":\"Ambler | Corredur\u00eda de Seguros\",\"description\":\"Ambler es tu Corredur\u00eda de Seguros de confianza. Gestionamos tus riesgos para darte tranquilidad a ti y a los tuyos. Cont\u00e1ctanos para saber m\u00e1s.\",\"publisher\":{\"@id\":\"https:\/\/ambler.es\/ca\/#organization\"},\"potentialAction\":[{\"@type\":\"SearchAction\",\"target\":{\"@type\":\"EntryPoint\",\"urlTemplate\":\"https:\/\/ambler.es\/ca\/?s={search_term_string}\"},\"query-input\":{\"@type\":\"PropertyValueSpecification\",\"valueRequired\":true,\"valueName\":\"search_term_string\"}}],\"inLanguage\":\"ca\"},{\"@type\":\"Organization\",\"@id\":\"https:\/\/ambler.es\/ca\/#organization\",\"name\":\"Ambler | Corredur\u00eda de Seguros\",\"url\":\"https:\/\/ambler.es\/ca\/\",\"logo\":{\"@type\":\"ImageObject\",\"inLanguage\":\"ca\",\"@id\":\"https:\/\/ambler.es\/ca\/#\/schema\/logo\/image\/\",\"url\":\"https:\/\/ambler.es\/wp-content\/uploads\/2024\/12\/logo-ambler.svg\",\"contentUrl\":\"https:\/\/ambler.es\/wp-content\/uploads\/2024\/12\/logo-ambler.svg\",\"caption\":\"Ambler | Corredur\u00eda de Seguros\"},\"image\":{\"@id\":\"https:\/\/ambler.es\/ca\/#\/schema\/logo\/image\/\"}}]}<\/script>\n<!-- \/ Yoast SEO plugin. -->","yoast_head_json":{"title":"Assegurances per a la Ind\u00fastria Farmac\u00e8utica - Ambler | Corredur\u00eda de Seguros","description":"Ambler ofereix assegurances per a empreses al sector qu\u00edmic i farmac\u00e8utic. Assegurances personalitzables amb \u00e0mplies cobertures.","robots":{"index":"index","follow":"follow","max-snippet":"max-snippet:-1","max-image-preview":"max-image-preview:large","max-video-preview":"max-video-preview:-1"},"canonical":"https:\/\/ambler.es\/ca\/sectors\/assegurances-per-a-la-industria-farmaceutica\/","og_locale":"ca_ES","og_type":"article","og_title":"Assegurances per a la Ind\u00fastria Farmac\u00e8utica - Ambler | Corredur\u00eda de Seguros","og_description":"Ambler ofereix assegurances per a empreses al sector qu\u00edmic i farmac\u00e8utic. Assegurances personalitzables amb \u00e0mplies cobertures.","og_url":"https:\/\/ambler.es\/ca\/sectors\/assegurances-per-a-la-industria-farmaceutica\/","og_site_name":"Ambler | Corredur\u00eda de Seguros","article_modified_time":"2025-06-12T08:20:49+00:00","twitter_card":"summary_large_image","schema":{"@context":"https:\/\/schema.org","@graph":[{"@type":"WebPage","@id":"https:\/\/ambler.es\/ca\/sectors\/assegurances-per-a-la-industria-farmaceutica\/","url":"https:\/\/ambler.es\/ca\/sectors\/assegurances-per-a-la-industria-farmaceutica\/","name":"Assegurances per a la Ind\u00fastria Farmac\u00e8utica - Ambler | Corredur\u00eda de Seguros","isPartOf":{"@id":"https:\/\/ambler.es\/ca\/#website"},"primaryImageOfPage":{"@id":"https:\/\/ambler.es\/ca\/sectors\/assegurances-per-a-la-industria-farmaceutica\/#primaryimage"},"image":{"@id":"https:\/\/ambler.es\/ca\/sectors\/assegurances-per-a-la-industria-farmaceutica\/#primaryimage"},"thumbnailUrl":"https:\/\/ambler.es\/wp-content\/uploads\/2025\/01\/Farmacia.png","datePublished":"2025-01-27T17:08:50+00:00","dateModified":"2025-06-12T08:20:49+00:00","description":"Ambler ofereix assegurances per a empreses al sector qu\u00edmic i farmac\u00e8utic. Assegurances personalitzables amb \u00e0mplies cobertures.","breadcrumb":{"@id":"https:\/\/ambler.es\/ca\/sectors\/assegurances-per-a-la-industria-farmaceutica\/#breadcrumb"},"inLanguage":"ca","potentialAction":[{"@type":"ReadAction","target":["https:\/\/ambler.es\/ca\/sectors\/assegurances-per-a-la-industria-farmaceutica\/"]}]},{"@type":"ImageObject","inLanguage":"ca","@id":"https:\/\/ambler.es\/ca\/sectors\/assegurances-per-a-la-industria-farmaceutica\/#primaryimage","url":"https:\/\/ambler.es\/wp-content\/uploads\/2025\/01\/Farmacia.png","contentUrl":"https:\/\/ambler.es\/wp-content\/uploads\/2025\/01\/Farmacia.png","width":2560,"height":1440},{"@type":"BreadcrumbList","@id":"https:\/\/ambler.es\/ca\/sectors\/assegurances-per-a-la-industria-farmaceutica\/#breadcrumb","itemListElement":[{"@type":"ListItem","position":1,"name":"Portada","item":"https:\/\/ambler.es\/"},{"@type":"ListItem","position":2,"name":"Sectors","item":"https:\/\/ambler.es\/ca\/sectors\/"},{"@type":"ListItem","position":3,"name":"Assegurances per a la Ind\u00fastria Farmac\u00e8utica"}]},{"@type":"WebSite","@id":"https:\/\/ambler.es\/ca\/#website","url":"https:\/\/ambler.es\/ca\/","name":"Ambler | Corredur\u00eda de Seguros","description":"Ambler es tu Corredur\u00eda de Seguros de confianza. Gestionamos tus riesgos para darte tranquilidad a ti y a los tuyos. Cont\u00e1ctanos para saber m\u00e1s.","publisher":{"@id":"https:\/\/ambler.es\/ca\/#organization"},"potentialAction":[{"@type":"SearchAction","target":{"@type":"EntryPoint","urlTemplate":"https:\/\/ambler.es\/ca\/?s={search_term_string}"},"query-input":{"@type":"PropertyValueSpecification","valueRequired":true,"valueName":"search_term_string"}}],"inLanguage":"ca"},{"@type":"Organization","@id":"https:\/\/ambler.es\/ca\/#organization","name":"Ambler | Corredur\u00eda de Seguros","url":"https:\/\/ambler.es\/ca\/","logo":{"@type":"ImageObject","inLanguage":"ca","@id":"https:\/\/ambler.es\/ca\/#\/schema\/logo\/image\/","url":"https:\/\/ambler.es\/wp-content\/uploads\/2024\/12\/logo-ambler.svg","contentUrl":"https:\/\/ambler.es\/wp-content\/uploads\/2024\/12\/logo-ambler.svg","caption":"Ambler | Corredur\u00eda de Seguros"},"image":{"@id":"https:\/\/ambler.es\/ca\/#\/schema\/logo\/image\/"}}]}},"_links":{"self":[{"href":"https:\/\/ambler.es\/ca\/wp-json\/wp\/v2\/pages\/4295","targetHints":{"allow":["GET"]}}],"collection":[{"href":"https:\/\/ambler.es\/ca\/wp-json\/wp\/v2\/pages"}],"about":[{"href":"https:\/\/ambler.es\/ca\/wp-json\/wp\/v2\/types\/page"}],"author":[{"embeddable":true,"href":"https:\/\/ambler.es\/ca\/wp-json\/wp\/v2\/users\/6"}],"replies":[{"embeddable":true,"href":"https:\/\/ambler.es\/ca\/wp-json\/wp\/v2\/comments?post=4295"}],"version-history":[{"count":1,"href":"https:\/\/ambler.es\/ca\/wp-json\/wp\/v2\/pages\/4295\/revisions"}],"predecessor-version":[{"id":4683,"href":"https:\/\/ambler.es\/ca\/wp-json\/wp\/v2\/pages\/4295\/revisions\/4683"}],"up":[{"embeddable":true,"href":"https:\/\/ambler.es\/ca\/wp-json\/wp\/v2\/pages\/4291"}],"wp:featuredmedia":[{"embeddable":true,"href":"https:\/\/ambler.es\/ca\/wp-json\/wp\/v2\/media\/3921"}],"wp:attachment":[{"href":"https:\/\/ambler.es\/ca\/wp-json\/wp\/v2\/media?parent=4295"}],"wp:term":[{"taxonomy":"post_tag","embeddable":true,"href":"https:\/\/ambler.es\/ca\/wp-json\/wp\/v2\/tags?post=4295"}],"curies":[{"name":"wp","href":"https:\/\/api.w.org\/{rel}","templated":true}]}}