{"id":4741,"date":"2025-01-28T15:19:18","date_gmt":"2025-01-28T14:19:18","guid":{"rendered":"https:\/\/ambler.es\/sectors\/tecnologia-i-media\/"},"modified":"2025-06-19T16:42:34","modified_gmt":"2025-06-19T14:42:34","slug":"tecnologia-i-media","status":"publish","type":"page","link":"https:\/\/ambler.es\/ca\/sectors\/segurs-tecnologia-i-mitjana\/","title":{"rendered":"Assegurances per al Sector de Tecnologia i Mitja"},"content":{"rendered":"","protected":false},"excerpt":{"rendered":"","protected":false},"author":6,"featured_media":3915,"parent":4291,"menu_order":0,"comment_status":"closed","ping_status":"closed","template":"","meta":{"_acf_changed":false,"footnotes":""},"tags":[57],"class_list":["post-4741","page","type-page","status-publish","has-post-thumbnail","hentry","tag-sectors"],"acf":[],"yoast_head":"<!-- This site is optimized with the Yoast SEO plugin v27.2 - https:\/\/yoast.com\/product\/yoast-seo-wordpress\/ -->\n<title>Assegurances per al Sector Tecnol\u00f2gic - Ambler Corredoria d&#039;Assegurances<\/title>\n<meta name=\"description\" content=\"Ambler protegeix la teva empresa de teconolog\u00eda i mitjana amb assegurances que cobreixen ciberatacs, fallades t\u00e8cniques i danys a equips.\" \/>\n<meta name=\"robots\" content=\"index, follow, max-snippet:-1, max-image-preview:large, max-video-preview:-1\" \/>\n<link rel=\"canonical\" href=\"https:\/\/ambler.es\/ca\/sectors\/segurs-tecnologia-i-mitjana\/\" \/>\n<meta property=\"og:locale\" content=\"ca_ES\" \/>\n<meta property=\"og:type\" content=\"article\" \/>\n<meta property=\"og:title\" content=\"Assegurances per al Sector Tecnol\u00f2gic - Ambler Corredoria d&#039;Assegurances\" \/>\n<meta property=\"og:description\" content=\"Ambler protegeix la teva empresa de teconolog\u00eda i mitjana amb assegurances que cobreixen ciberatacs, fallades t\u00e8cniques i danys a equips.\" \/>\n<meta property=\"og:url\" content=\"https:\/\/ambler.es\/ca\/sectors\/segurs-tecnologia-i-mitjana\/\" \/>\n<meta property=\"og:site_name\" content=\"Ambler | Corredur\u00eda de Seguros\" \/>\n<meta property=\"article:modified_time\" content=\"2025-06-19T14:42:34+00:00\" \/>\n<meta name=\"twitter:card\" content=\"summary_large_image\" \/>\n<script type=\"application\/ld+json\" class=\"yoast-schema-graph\">{\"@context\":\"https:\/\/schema.org\",\"@graph\":[{\"@type\":\"WebPage\",\"@id\":\"https:\/\/ambler.es\/ca\/sectors\/segurs-tecnologia-i-mitjana\/\",\"url\":\"https:\/\/ambler.es\/ca\/sectors\/segurs-tecnologia-i-mitjana\/\",\"name\":\"Assegurances per al Sector Tecnol\u00f2gic - Ambler Corredoria d'Assegurances\",\"isPartOf\":{\"@id\":\"https:\/\/ambler.es\/ca\/#website\"},\"primaryImageOfPage\":{\"@id\":\"https:\/\/ambler.es\/ca\/sectors\/segurs-tecnologia-i-mitjana\/#primaryimage\"},\"image\":{\"@id\":\"https:\/\/ambler.es\/ca\/sectors\/segurs-tecnologia-i-mitjana\/#primaryimage\"},\"thumbnailUrl\":\"https:\/\/ambler.es\/wp-content\/uploads\/2025\/01\/Tecnologia.png\",\"datePublished\":\"2025-01-28T14:19:18+00:00\",\"dateModified\":\"2025-06-19T14:42:34+00:00\",\"description\":\"Ambler protegeix la teva empresa de teconolog\u00eda i mitjana amb assegurances que cobreixen ciberatacs, fallades t\u00e8cniques i danys a equips.\",\"breadcrumb\":{\"@id\":\"https:\/\/ambler.es\/ca\/sectors\/segurs-tecnologia-i-mitjana\/#breadcrumb\"},\"inLanguage\":\"ca\",\"potentialAction\":[{\"@type\":\"ReadAction\",\"target\":[\"https:\/\/ambler.es\/ca\/sectors\/segurs-tecnologia-i-mitjana\/\"]}]},{\"@type\":\"ImageObject\",\"inLanguage\":\"ca\",\"@id\":\"https:\/\/ambler.es\/ca\/sectors\/segurs-tecnologia-i-mitjana\/#primaryimage\",\"url\":\"https:\/\/ambler.es\/wp-content\/uploads\/2025\/01\/Tecnologia.png\",\"contentUrl\":\"https:\/\/ambler.es\/wp-content\/uploads\/2025\/01\/Tecnologia.png\",\"width\":2560,\"height\":1440},{\"@type\":\"BreadcrumbList\",\"@id\":\"https:\/\/ambler.es\/ca\/sectors\/segurs-tecnologia-i-mitjana\/#breadcrumb\",\"itemListElement\":[{\"@type\":\"ListItem\",\"position\":1,\"name\":\"Portada\",\"item\":\"https:\/\/ambler.es\/\"},{\"@type\":\"ListItem\",\"position\":2,\"name\":\"Sectors\",\"item\":\"https:\/\/ambler.es\/ca\/sectors\/\"},{\"@type\":\"ListItem\",\"position\":3,\"name\":\"Assegurances per al Sector de Tecnologia i Mitja\"}]},{\"@type\":\"WebSite\",\"@id\":\"https:\/\/ambler.es\/ca\/#website\",\"url\":\"https:\/\/ambler.es\/ca\/\",\"name\":\"Ambler | Corredur\u00eda de Seguros\",\"description\":\"Ambler es tu Corredur\u00eda de Seguros de confianza. Gestionamos tus riesgos para darte tranquilidad a ti y a los tuyos. Cont\u00e1ctanos para saber m\u00e1s.\",\"publisher\":{\"@id\":\"https:\/\/ambler.es\/ca\/#organization\"},\"potentialAction\":[{\"@type\":\"SearchAction\",\"target\":{\"@type\":\"EntryPoint\",\"urlTemplate\":\"https:\/\/ambler.es\/ca\/?s={search_term_string}\"},\"query-input\":{\"@type\":\"PropertyValueSpecification\",\"valueRequired\":true,\"valueName\":\"search_term_string\"}}],\"inLanguage\":\"ca\"},{\"@type\":\"Organization\",\"@id\":\"https:\/\/ambler.es\/ca\/#organization\",\"name\":\"Ambler | Corredur\u00eda de Seguros\",\"url\":\"https:\/\/ambler.es\/ca\/\",\"logo\":{\"@type\":\"ImageObject\",\"inLanguage\":\"ca\",\"@id\":\"https:\/\/ambler.es\/ca\/#\/schema\/logo\/image\/\",\"url\":\"https:\/\/ambler.es\/wp-content\/uploads\/2024\/12\/logo-ambler.svg\",\"contentUrl\":\"https:\/\/ambler.es\/wp-content\/uploads\/2024\/12\/logo-ambler.svg\",\"caption\":\"Ambler | Corredur\u00eda de Seguros\"},\"image\":{\"@id\":\"https:\/\/ambler.es\/ca\/#\/schema\/logo\/image\/\"}}]}<\/script>\n<!-- \/ Yoast SEO plugin. -->","yoast_head_json":{"title":"Assegurances per al Sector Tecnol\u00f2gic - Ambler Corredoria d'Assegurances","description":"Ambler protegeix la teva empresa de teconolog\u00eda i mitjana amb assegurances que cobreixen ciberatacs, fallades t\u00e8cniques i danys a equips.","robots":{"index":"index","follow":"follow","max-snippet":"max-snippet:-1","max-image-preview":"max-image-preview:large","max-video-preview":"max-video-preview:-1"},"canonical":"https:\/\/ambler.es\/ca\/sectors\/segurs-tecnologia-i-mitjana\/","og_locale":"ca_ES","og_type":"article","og_title":"Assegurances per al Sector Tecnol\u00f2gic - Ambler Corredoria d'Assegurances","og_description":"Ambler protegeix la teva empresa de teconolog\u00eda i mitjana amb assegurances que cobreixen ciberatacs, fallades t\u00e8cniques i danys a equips.","og_url":"https:\/\/ambler.es\/ca\/sectors\/segurs-tecnologia-i-mitjana\/","og_site_name":"Ambler | Corredur\u00eda de Seguros","article_modified_time":"2025-06-19T14:42:34+00:00","twitter_card":"summary_large_image","schema":{"@context":"https:\/\/schema.org","@graph":[{"@type":"WebPage","@id":"https:\/\/ambler.es\/ca\/sectors\/segurs-tecnologia-i-mitjana\/","url":"https:\/\/ambler.es\/ca\/sectors\/segurs-tecnologia-i-mitjana\/","name":"Assegurances per al Sector Tecnol\u00f2gic - Ambler Corredoria d'Assegurances","isPartOf":{"@id":"https:\/\/ambler.es\/ca\/#website"},"primaryImageOfPage":{"@id":"https:\/\/ambler.es\/ca\/sectors\/segurs-tecnologia-i-mitjana\/#primaryimage"},"image":{"@id":"https:\/\/ambler.es\/ca\/sectors\/segurs-tecnologia-i-mitjana\/#primaryimage"},"thumbnailUrl":"https:\/\/ambler.es\/wp-content\/uploads\/2025\/01\/Tecnologia.png","datePublished":"2025-01-28T14:19:18+00:00","dateModified":"2025-06-19T14:42:34+00:00","description":"Ambler protegeix la teva empresa de teconolog\u00eda i mitjana amb assegurances que cobreixen ciberatacs, fallades t\u00e8cniques i danys a equips.","breadcrumb":{"@id":"https:\/\/ambler.es\/ca\/sectors\/segurs-tecnologia-i-mitjana\/#breadcrumb"},"inLanguage":"ca","potentialAction":[{"@type":"ReadAction","target":["https:\/\/ambler.es\/ca\/sectors\/segurs-tecnologia-i-mitjana\/"]}]},{"@type":"ImageObject","inLanguage":"ca","@id":"https:\/\/ambler.es\/ca\/sectors\/segurs-tecnologia-i-mitjana\/#primaryimage","url":"https:\/\/ambler.es\/wp-content\/uploads\/2025\/01\/Tecnologia.png","contentUrl":"https:\/\/ambler.es\/wp-content\/uploads\/2025\/01\/Tecnologia.png","width":2560,"height":1440},{"@type":"BreadcrumbList","@id":"https:\/\/ambler.es\/ca\/sectors\/segurs-tecnologia-i-mitjana\/#breadcrumb","itemListElement":[{"@type":"ListItem","position":1,"name":"Portada","item":"https:\/\/ambler.es\/"},{"@type":"ListItem","position":2,"name":"Sectors","item":"https:\/\/ambler.es\/ca\/sectors\/"},{"@type":"ListItem","position":3,"name":"Assegurances per al Sector de Tecnologia i Mitja"}]},{"@type":"WebSite","@id":"https:\/\/ambler.es\/ca\/#website","url":"https:\/\/ambler.es\/ca\/","name":"Ambler | Corredur\u00eda de Seguros","description":"Ambler es tu Corredur\u00eda de Seguros de confianza. Gestionamos tus riesgos para darte tranquilidad a ti y a los tuyos. Cont\u00e1ctanos para saber m\u00e1s.","publisher":{"@id":"https:\/\/ambler.es\/ca\/#organization"},"potentialAction":[{"@type":"SearchAction","target":{"@type":"EntryPoint","urlTemplate":"https:\/\/ambler.es\/ca\/?s={search_term_string}"},"query-input":{"@type":"PropertyValueSpecification","valueRequired":true,"valueName":"search_term_string"}}],"inLanguage":"ca"},{"@type":"Organization","@id":"https:\/\/ambler.es\/ca\/#organization","name":"Ambler | Corredur\u00eda de Seguros","url":"https:\/\/ambler.es\/ca\/","logo":{"@type":"ImageObject","inLanguage":"ca","@id":"https:\/\/ambler.es\/ca\/#\/schema\/logo\/image\/","url":"https:\/\/ambler.es\/wp-content\/uploads\/2024\/12\/logo-ambler.svg","contentUrl":"https:\/\/ambler.es\/wp-content\/uploads\/2024\/12\/logo-ambler.svg","caption":"Ambler | Corredur\u00eda de Seguros"},"image":{"@id":"https:\/\/ambler.es\/ca\/#\/schema\/logo\/image\/"}}]}},"_links":{"self":[{"href":"https:\/\/ambler.es\/ca\/wp-json\/wp\/v2\/pages\/4741","targetHints":{"allow":["GET"]}}],"collection":[{"href":"https:\/\/ambler.es\/ca\/wp-json\/wp\/v2\/pages"}],"about":[{"href":"https:\/\/ambler.es\/ca\/wp-json\/wp\/v2\/types\/page"}],"author":[{"embeddable":true,"href":"https:\/\/ambler.es\/ca\/wp-json\/wp\/v2\/users\/6"}],"replies":[{"embeddable":true,"href":"https:\/\/ambler.es\/ca\/wp-json\/wp\/v2\/comments?post=4741"}],"version-history":[{"count":1,"href":"https:\/\/ambler.es\/ca\/wp-json\/wp\/v2\/pages\/4741\/revisions"}],"predecessor-version":[{"id":4776,"href":"https:\/\/ambler.es\/ca\/wp-json\/wp\/v2\/pages\/4741\/revisions\/4776"}],"up":[{"embeddable":true,"href":"https:\/\/ambler.es\/ca\/wp-json\/wp\/v2\/pages\/4291"}],"wp:featuredmedia":[{"embeddable":true,"href":"https:\/\/ambler.es\/ca\/wp-json\/wp\/v2\/media\/3915"}],"wp:attachment":[{"href":"https:\/\/ambler.es\/ca\/wp-json\/wp\/v2\/media?parent=4741"}],"wp:term":[{"taxonomy":"post_tag","embeddable":true,"href":"https:\/\/ambler.es\/ca\/wp-json\/wp\/v2\/tags?post=4741"}],"curies":[{"name":"wp","href":"https:\/\/api.w.org\/{rel}","templated":true}]}}