{"id":6579,"date":"2026-02-11T13:36:32","date_gmt":"2026-02-11T12:36:32","guid":{"rendered":"https:\/\/ambler.es\/sitemap\/"},"modified":"2026-02-11T13:41:00","modified_gmt":"2026-02-11T12:41:00","slug":"sitemap","status":"publish","type":"page","link":"https:\/\/ambler.es\/ca\/sitemap\/","title":{"rendered":"Sitemap"},"content":{"rendered":"\t\t<div data-elementor-type=\"wp-page\" data-elementor-id=\"6579\" class=\"elementor elementor-6579 elementor-6571\" data-elementor-post-type=\"page\">\n\t\t\t\t<div class=\"elementor-element elementor-element-47d52de e-flex e-con-boxed e-con e-parent\" data-id=\"47d52de\" data-element_type=\"container\" data-e-type=\"container\">\n\t\t\t\t\t<div class=\"e-con-inner\">\n\t\t\t\t<div class=\"elementor-element elementor-element-7591be3 elementor-widget elementor-widget-heading\" data-id=\"7591be3\" data-element_type=\"widget\" data-e-type=\"widget\" data-widget_type=\"heading.default\">\n\t\t\t\t\t<h1 class=\"elementor-heading-title elementor-size-default\">Sitemap<\/h1>\t\t\t\t<\/div>\n\t\t\t\t<div class=\"elementor-element elementor-element-f5804fa elementor-widget elementor-widget-sitemap\" data-id=\"f5804fa\" data-element_type=\"widget\" data-e-type=\"widget\" data-widget_type=\"sitemap.default\">\n\t\t\t\t\t<div class=\"elementor-sitemap-wrap\"><div class=\"elementor-sitemap-section\"><h2 class=\"elementor-sitemap-title elementor-sitemap-page-title\">P\u00e0gines<\/h2><ul class=\"elementor-sitemap-list elementor-sitemap-page-list\"><li class=\"elementor-sitemap-item elementor-sitemap-item-page page_item page-item-6713\"><a href=\"https:\/\/ambler.es\/ca\/blog\/\">Blog<\/a><\/li><li class=\"elementor-sitemap-item elementor-sitemap-item-page page_item page-item-6579\"><a href=\"https:\/\/ambler.es\/ca\/sitemap\/\">Sitemap<\/a><\/li><li class=\"elementor-sitemap-item elementor-sitemap-item-page page_item page-item-4743\"><a href=\"https:\/\/ambler.es\/ca\/sectors\/segurs-construccion\/\">Assegurances per al Sector de la Construcci\u00f3<\/a><\/li><li class=\"elementor-sitemap-item elementor-sitemap-item-page page_item page-item-4882\"><a href=\"https:\/\/ambler.es\/ca\/sectors\/assegurances-per-al-sector-immobiliari-i-patrimonial\/\">Assegurances per al Sector Immobiliari i Patrimonial<\/a><\/li><li class=\"elementor-sitemap-item elementor-sitemap-item-page page_item page-item-4884\"><a href=\"https:\/\/ambler.es\/ca\/sectors\/assegurances-de-serveis-professionals\/\">Assegurances de Serveis Professionals<\/a><\/li><li class=\"elementor-sitemap-item elementor-sitemap-item-page page_item page-item-4741\"><a href=\"https:\/\/ambler.es\/ca\/sectors\/segurs-tecnologia-i-mitjana\/\">Assegurances per al Sector de Tecnologia i Mitja<\/a><\/li><li class=\"elementor-sitemap-item elementor-sitemap-item-page page_item page-item-4875\"><a href=\"https:\/\/ambler.es\/ca\/sectors\/assegurances-per-al-sector-de-lalimentacio-i-begudes\/\">Assegurances per al Sector de l&#8217;Alimentaci\u00f3 i Begudes<\/a><\/li><li class=\"elementor-sitemap-item elementor-sitemap-item-page page_item page-item-4294\"><a href=\"https:\/\/ambler.es\/ca\/sectors\/assegurances-per-al-sector-industrial\/\">Assegurances per al Sector Industrial<\/a><\/li><li class=\"elementor-sitemap-item elementor-sitemap-item-page page_item page-item-4295\"><a href=\"https:\/\/ambler.es\/ca\/sectors\/assegurances-per-a-la-industria-farmaceutica\/\">Assegurances per a la Ind\u00fastria Farmac\u00e8utica<\/a><\/li><li class=\"elementor-sitemap-item elementor-sitemap-item-page page_item page-item-4739\"><a href=\"https:\/\/ambler.es\/ca\/sectors\/segurs-logistica-i-transport\/\">Assegurances per a Empreses de Log\u00edstica i Transport<\/a><\/li><li class=\"elementor-sitemap-item elementor-sitemap-item-page page_item page-item-4293\"><a href=\"https:\/\/ambler.es\/ca\/sectors\/assegurances-per-a-turisme-hostaleria-i-oci\/\">Assegurances per a Turisme, Hostaleria i Oci<\/a><\/li><li class=\"elementor-sitemap-item elementor-sitemap-item-page page_item page-item-4291\"><a href=\"https:\/\/ambler.es\/ca\/sectors\/\">Sectors<\/a><\/li><li class=\"elementor-sitemap-item elementor-sitemap-item-page page_item page-item-3571 current_page_parent\"><a href=\"https:\/\/ambler.es\/ca\/bloc\/\">Bloc<\/a><\/li><li class=\"elementor-sitemap-item elementor-sitemap-item-page page_item page-item-3552\"><a href=\"https:\/\/ambler.es\/ca\/assegurances-empreses\/asseguranca-de-danys-materials\/\">Asseguran\u00e7a de danys materials &#8211; C\u00f2pia<\/a><\/li><li class=\"elementor-sitemap-item elementor-sitemap-item-page page_item page-item-3551\"><a href=\"https:\/\/ambler.es\/ca\/assegurances-empreses\/asseguranca-de-transport\/\">Asseguran\u00e7a de Transport<\/a><\/li><li class=\"elementor-sitemap-item elementor-sitemap-item-page page_item page-item-3537\"><a href=\"https:\/\/ambler.es\/ca\/assegurances-particulars\/\">Assegurances Particulars<\/a><\/li><li class=\"elementor-sitemap-item elementor-sitemap-item-page page_item page-item-3533\"><a href=\"https:\/\/ambler.es\/ca\/sobre-nosaltres\/\">Sobre Nosaltres<\/a><\/li><li class=\"elementor-sitemap-item elementor-sitemap-item-page page_item page-item-3498\"><a href=\"https:\/\/ambler.es\/ca\/assegurances-empreses\/asseguranca-de-do\/\">Asseguran\u00e7a de D&amp;O<\/a><\/li><li class=\"elementor-sitemap-item elementor-sitemap-item-page page_item page-item-3495\"><a href=\"https:\/\/ambler.es\/ca\/assegurances-empreses\/asseguranca-rc-professional\/\">Asseguran\u00e7a RC Professional<\/a><\/li><li class=\"elementor-sitemap-item elementor-sitemap-item-page page_item page-item-3494\"><a href=\"https:\/\/ambler.es\/ca\/assegurances-empreses\/asseguranca-dassistencia-en-viatges\/\">Segur d&#8217;Assist\u00e8ncia en Viatges<\/a><\/li><li class=\"elementor-sitemap-item elementor-sitemap-item-page page_item page-item-3493\"><a href=\"https:\/\/ambler.es\/ca\/assegurances-empreses\/asseguranca-de-flota-de-vehicles\/\">Asseuran\u00e7a de Flota de Vehicles<\/a><\/li><li class=\"elementor-sitemap-item elementor-sitemap-item-page page_item page-item-3490\"><a href=\"https:\/\/ambler.es\/ca\/assegurances-empreses\/asseguranca-de-salut-per-a-treballadors\/\">Asseguran\u00e7a de Salut per a treballadors<\/a><\/li><li class=\"elementor-sitemap-item elementor-sitemap-item-page page_item page-item-3466\"><a href=\"https:\/\/ambler.es\/ca\/assegurances-empreses\/asseguranca-rc-medioambiental\/\">Asseguran\u00e7a RC Medioambiental<\/a><\/li><li class=\"elementor-sitemap-item elementor-sitemap-item-page page_item page-item-3340\"><a href=\"https:\/\/ambler.es\/ca\/asseguranca-de-responsabilitat-civil\/\">Asseguran\u00e7a de Responsabilitat Civil<\/a><\/li><li class=\"elementor-sitemap-item elementor-sitemap-item-page page_item page-item-3338\"><a href=\"https:\/\/ambler.es\/ca\/asseguranca-tot-risc-construccio\/\">Asseguran\u00e7a Tot Risc Construcci\u00f3<\/a><\/li><li class=\"elementor-sitemap-item elementor-sitemap-item-page page_item page-item-3326\"><a href=\"https:\/\/ambler.es\/ca\/\">Home<\/a><\/li><li class=\"elementor-sitemap-item elementor-sitemap-item-page page_item page-item-1356\"><a href=\"https:\/\/ambler.es\/ca\/gracies-particulars\/\">Gr\u00e0cies particulars<\/a><\/li><li class=\"elementor-sitemap-item elementor-sitemap-item-page page_item page-item-1183\"><a href=\"https:\/\/ambler.es\/ca\/contacte-2\/\">Contacte<\/a><\/li><li class=\"elementor-sitemap-item elementor-sitemap-item-page page_item page-item-1030\"><a href=\"https:\/\/ambler.es\/ca\/gracies-per-subscriuret\/\">Gr\u00e0cies per subscriure&#8217;t<\/a><\/li><li class=\"elementor-sitemap-item elementor-sitemap-item-page page_item page-item-948\"><a href=\"https:\/\/ambler.es\/ca\/gracies\/\">Gr\u00e0cies<\/a><\/li><li class=\"elementor-sitemap-item elementor-sitemap-item-page page_item page-item-3279\"><a href=\"https:\/\/ambler.es\/ca\/seguro-de-ciberseguridad\/\">Asseguran\u00e7a de Ciberseguretat<\/a><\/li><li class=\"elementor-sitemap-item elementor-sitemap-item-page page_item page-item-3385\"><a href=\"https:\/\/ambler.es\/ca\/assegurances-empreses\/\">Assegurances Empreses<\/a><\/li><li class=\"elementor-sitemap-item elementor-sitemap-item-page page_item page-item-341\"><a href=\"https:\/\/ambler.es\/ca\/politica-de-privacitat\/\">Pol\u00edtica de privacitat<\/a><\/li><\/ul><\/div><div class=\"elementor-sitemap-section\"><h2 class=\"elementor-sitemap-title elementor-sitemap-category-title\">Categories<\/h2><ul class=\"elementor-sitemap-list elementor-sitemap-category-list\">\t<li class=\"elementor-sitemap-item elementor-sitemap-item-category cat-item cat-item-62\"><a href=\"https:\/\/ambler.es\/ca\/category\/turisme\/\">Turisme<\/a>\n<\/li>\n\t<li class=\"elementor-sitemap-item elementor-sitemap-item-category cat-item cat-item-20\"><a href=\"https:\/\/ambler.es\/ca\/category\/sin-categorizar\/\">Sin categorizar<\/a>\n<\/li>\n\t<li class=\"elementor-sitemap-item elementor-sitemap-item-category cat-item cat-item-63\"><a href=\"https:\/\/ambler.es\/ca\/category\/responsabilitat-civil-ca\/\">responsabilitat civil<\/a>\n<\/li>\n\t<li class=\"elementor-sitemap-item elementor-sitemap-item-category cat-item cat-item-60\"><a href=\"https:\/\/ambler.es\/ca\/category\/quimic-i-farmaceutic\/\">Qu\u00edmic i Farmac\u00e8utic<\/a>\n<\/li>\n\t<li class=\"elementor-sitemap-item elementor-sitemap-item-category cat-item cat-item-48\"><a href=\"https:\/\/ambler.es\/ca\/category\/notes-de-premsa\/\">Notes de Premsa<\/a>\n<\/li>\n\t<li class=\"elementor-sitemap-item elementor-sitemap-item-category cat-item cat-item-59\"><a href=\"https:\/\/ambler.es\/ca\/category\/logistica-i-transport\/\">Log\u00edstica i Transport<\/a>\n<\/li>\n\t<li class=\"elementor-sitemap-item elementor-sitemap-item-category cat-item cat-item-61\"><a href=\"https:\/\/ambler.es\/ca\/category\/industrial-ca\/\">Industrial<\/a>\n<\/li>\n\t<li class=\"elementor-sitemap-item elementor-sitemap-item-category cat-item cat-item-46\"><a href=\"https:\/\/ambler.es\/ca\/category\/incidents-ca\/\">Incidents<\/a>\n<\/li>\n\t<li class=\"elementor-sitemap-item elementor-sitemap-item-category cat-item cat-item-67\"><a href=\"https:\/\/ambler.es\/ca\/category\/construccion-ca\/\">Construcci\u00f3n<\/a>\n<\/li>\n\t<li class=\"elementor-sitemap-item elementor-sitemap-item-category cat-item cat-item-45\"><a href=\"https:\/\/ambler.es\/ca\/category\/assegurances-ca\/\">assegurances<\/a>\n<\/li>\n\t<li class=\"elementor-sitemap-item elementor-sitemap-item-category cat-item cat-item-69\"><a href=\"https:\/\/ambler.es\/ca\/category\/alimentacio-i-begudes\/\">Alimentaci\u00f3 i Begudes<\/a>\n<\/li>\n<\/ul><\/div><div class=\"elementor-sitemap-section\"><h2 class=\"elementor-sitemap-title elementor-sitemap-casosexito-title\">Casos de \u00c9xito<\/h2><ul class=\"elementor-sitemap-list elementor-sitemap-casosexito-list\"><li class=\"elementor-sitemap-item elementor-sitemap-item-casosexito page_item page-item-6533\"><a href=\"https:\/\/ambler.es\/ca\/casosexito\/cas-dexit-serveis-professionals\/\">Cas d&#8217;\u00e8xit Serveis Professionals<\/a><\/li><li class=\"elementor-sitemap-item elementor-sitemap-item-casosexito page_item page-item-6531\"><a href=\"https:\/\/ambler.es\/ca\/casosexito\/cas-dexit-sector-immobiliario-i-patrimonial\/\">Cas d&#8217;\u00e8xit sector immobiliario i patrimonial<\/a><\/li><li class=\"elementor-sitemap-item elementor-sitemap-item-casosexito page_item page-item-4870\"><a href=\"https:\/\/ambler.es\/ca\/casosexito\/seguros-construccion\/\">Cas d&#8217;\u00e8xit construcci\u00f3<\/a><\/li><li class=\"elementor-sitemap-item elementor-sitemap-item-casosexito page_item page-item-4873\"><a href=\"https:\/\/ambler.es\/ca\/casosexito\/cas-dexit-dalimentacio-i-begudes\/\">Cas d&#8217;\u00e8xit d&#8217;alimentaci\u00f3 i begudes<\/a><\/li><li class=\"elementor-sitemap-item elementor-sitemap-item-casosexito page_item page-item-4603\"><a href=\"https:\/\/ambler.es\/ca\/casdexit\/assegurances-logistica-i-transport\/\">Cas d&#8217;\u00c8xit Log\u00edstica i Transport<\/a><\/li><li class=\"elementor-sitemap-item elementor-sitemap-item-casosexito page_item page-item-4604\"><a href=\"https:\/\/ambler.es\/ca\/casdexit\/assegurances-sector-farmaceutic\/\">Case Study: Pharmaceutical Sector<\/a><\/li><li class=\"elementor-sitemap-item elementor-sitemap-item-casosexito page_item page-item-4605\"><a href=\"https:\/\/ambler.es\/ca\/casdexit\/assegurances-naus-industrials\/\">Case Study: Industrial Warehouses<\/a><\/li><li class=\"elementor-sitemap-item elementor-sitemap-item-casosexito page_item page-item-4607\"><a href=\"https:\/\/ambler.es\/ca\/casdexit\/asseguranca-hostaleria\/\">Caso d&#8217;\u00c8xit Hostaleria<\/a><\/li><\/ul><\/div><\/div>\t\t\t\t<\/div>\n\t\t\t\t\t<\/div>\n\t\t\t\t<\/div>\n\t\t\t\t<\/div>\n\t\t","protected":false},"excerpt":{"rendered":"","protected":false},"author":12,"featured_media":0,"parent":0,"menu_order":0,"comment_status":"closed","ping_status":"closed","template":"","meta":{"_acf_changed":false,"footnotes":""},"tags":[],"class_list":["post-6579","page","type-page","status-publish","hentry"],"acf":[],"yoast_head":"<!-- This site is optimized with the Yoast SEO plugin v27.5 - https:\/\/yoast.com\/product\/yoast-seo-wordpress\/ -->\n<title>Sitemap - Ambler | Corredur\u00eda de Seguros<\/title>\n<meta name=\"robots\" content=\"index, follow, max-snippet:-1, max-image-preview:large, max-video-preview:-1\" \/>\n<link rel=\"canonical\" href=\"https:\/\/ambler.es\/ca\/sitemap\/\" \/>\n<meta property=\"og:locale\" content=\"ca_ES\" \/>\n<meta property=\"og:type\" content=\"article\" \/>\n<meta property=\"og:title\" content=\"Sitemap - Ambler | Corredur\u00eda de Seguros\" \/>\n<meta property=\"og:url\" content=\"https:\/\/ambler.es\/ca\/sitemap\/\" \/>\n<meta property=\"og:site_name\" content=\"Ambler | Corredur\u00eda de Seguros\" \/>\n<meta property=\"article:modified_time\" content=\"2026-02-11T12:41:00+00:00\" \/>\n<meta name=\"twitter:card\" content=\"summary_large_image\" \/>\n<script type=\"application\/ld+json\" class=\"yoast-schema-graph\">{\"@context\":\"https:\\\/\\\/schema.org\",\"@graph\":[{\"@type\":\"WebPage\",\"@id\":\"https:\\\/\\\/ambler.es\\\/ca\\\/sitemap\\\/\",\"url\":\"https:\\\/\\\/ambler.es\\\/ca\\\/sitemap\\\/\",\"name\":\"Sitemap - Ambler | Corredur\u00eda de Seguros\",\"isPartOf\":{\"@id\":\"https:\\\/\\\/ambler.es\\\/ca\\\/#website\"},\"datePublished\":\"2026-02-11T12:36:32+00:00\",\"dateModified\":\"2026-02-11T12:41:00+00:00\",\"breadcrumb\":{\"@id\":\"https:\\\/\\\/ambler.es\\\/ca\\\/sitemap\\\/#breadcrumb\"},\"inLanguage\":\"ca\",\"potentialAction\":[{\"@type\":\"ReadAction\",\"target\":[\"https:\\\/\\\/ambler.es\\\/ca\\\/sitemap\\\/\"]}]},{\"@type\":\"BreadcrumbList\",\"@id\":\"https:\\\/\\\/ambler.es\\\/ca\\\/sitemap\\\/#breadcrumb\",\"itemListElement\":[{\"@type\":\"ListItem\",\"position\":1,\"name\":\"Portada\",\"item\":\"https:\\\/\\\/ambler.es\\\/\"},{\"@type\":\"ListItem\",\"position\":2,\"name\":\"Sitemap\"}]},{\"@type\":\"WebSite\",\"@id\":\"https:\\\/\\\/ambler.es\\\/ca\\\/#website\",\"url\":\"https:\\\/\\\/ambler.es\\\/ca\\\/\",\"name\":\"Ambler | Corredur\u00eda de Seguros\",\"description\":\"Ambler es tu Corredur\u00eda de Seguros de confianza. Gestionamos tus riesgos para darte tranquilidad a ti y a los tuyos. Cont\u00e1ctanos para saber m\u00e1s.\",\"publisher\":{\"@id\":\"https:\\\/\\\/ambler.es\\\/ca\\\/#organization\"},\"potentialAction\":[{\"@type\":\"SearchAction\",\"target\":{\"@type\":\"EntryPoint\",\"urlTemplate\":\"https:\\\/\\\/ambler.es\\\/ca\\\/?s={search_term_string}\"},\"query-input\":{\"@type\":\"PropertyValueSpecification\",\"valueRequired\":true,\"valueName\":\"search_term_string\"}}],\"inLanguage\":\"ca\"},{\"@type\":\"Organization\",\"@id\":\"https:\\\/\\\/ambler.es\\\/ca\\\/#organization\",\"name\":\"Ambler | Corredur\u00eda de Seguros\",\"url\":\"https:\\\/\\\/ambler.es\\\/ca\\\/\",\"logo\":{\"@type\":\"ImageObject\",\"inLanguage\":\"ca\",\"@id\":\"https:\\\/\\\/ambler.es\\\/ca\\\/#\\\/schema\\\/logo\\\/image\\\/\",\"url\":\"https:\\\/\\\/ambler.es\\\/wp-content\\\/uploads\\\/2024\\\/12\\\/logo-ambler.svg\",\"contentUrl\":\"https:\\\/\\\/ambler.es\\\/wp-content\\\/uploads\\\/2024\\\/12\\\/logo-ambler.svg\",\"caption\":\"Ambler | Corredur\u00eda de Seguros\"},\"image\":{\"@id\":\"https:\\\/\\\/ambler.es\\\/ca\\\/#\\\/schema\\\/logo\\\/image\\\/\"}}]}<\/script>\n<!-- \/ Yoast SEO plugin. -->","yoast_head_json":{"title":"Sitemap - Ambler | Corredur\u00eda de Seguros","robots":{"index":"index","follow":"follow","max-snippet":"max-snippet:-1","max-image-preview":"max-image-preview:large","max-video-preview":"max-video-preview:-1"},"canonical":"https:\/\/ambler.es\/ca\/sitemap\/","og_locale":"ca_ES","og_type":"article","og_title":"Sitemap - Ambler | Corredur\u00eda de Seguros","og_url":"https:\/\/ambler.es\/ca\/sitemap\/","og_site_name":"Ambler | Corredur\u00eda de Seguros","article_modified_time":"2026-02-11T12:41:00+00:00","twitter_card":"summary_large_image","schema":{"@context":"https:\/\/schema.org","@graph":[{"@type":"WebPage","@id":"https:\/\/ambler.es\/ca\/sitemap\/","url":"https:\/\/ambler.es\/ca\/sitemap\/","name":"Sitemap - Ambler | Corredur\u00eda de Seguros","isPartOf":{"@id":"https:\/\/ambler.es\/ca\/#website"},"datePublished":"2026-02-11T12:36:32+00:00","dateModified":"2026-02-11T12:41:00+00:00","breadcrumb":{"@id":"https:\/\/ambler.es\/ca\/sitemap\/#breadcrumb"},"inLanguage":"ca","potentialAction":[{"@type":"ReadAction","target":["https:\/\/ambler.es\/ca\/sitemap\/"]}]},{"@type":"BreadcrumbList","@id":"https:\/\/ambler.es\/ca\/sitemap\/#breadcrumb","itemListElement":[{"@type":"ListItem","position":1,"name":"Portada","item":"https:\/\/ambler.es\/"},{"@type":"ListItem","position":2,"name":"Sitemap"}]},{"@type":"WebSite","@id":"https:\/\/ambler.es\/ca\/#website","url":"https:\/\/ambler.es\/ca\/","name":"Ambler | Corredur\u00eda de Seguros","description":"Ambler es tu Corredur\u00eda de Seguros de confianza. Gestionamos tus riesgos para darte tranquilidad a ti y a los tuyos. Cont\u00e1ctanos para saber m\u00e1s.","publisher":{"@id":"https:\/\/ambler.es\/ca\/#organization"},"potentialAction":[{"@type":"SearchAction","target":{"@type":"EntryPoint","urlTemplate":"https:\/\/ambler.es\/ca\/?s={search_term_string}"},"query-input":{"@type":"PropertyValueSpecification","valueRequired":true,"valueName":"search_term_string"}}],"inLanguage":"ca"},{"@type":"Organization","@id":"https:\/\/ambler.es\/ca\/#organization","name":"Ambler | Corredur\u00eda de Seguros","url":"https:\/\/ambler.es\/ca\/","logo":{"@type":"ImageObject","inLanguage":"ca","@id":"https:\/\/ambler.es\/ca\/#\/schema\/logo\/image\/","url":"https:\/\/ambler.es\/wp-content\/uploads\/2024\/12\/logo-ambler.svg","contentUrl":"https:\/\/ambler.es\/wp-content\/uploads\/2024\/12\/logo-ambler.svg","caption":"Ambler | Corredur\u00eda de Seguros"},"image":{"@id":"https:\/\/ambler.es\/ca\/#\/schema\/logo\/image\/"}}]}},"_links":{"self":[{"href":"https:\/\/ambler.es\/ca\/wp-json\/wp\/v2\/pages\/6579","targetHints":{"allow":["GET"]}}],"collection":[{"href":"https:\/\/ambler.es\/ca\/wp-json\/wp\/v2\/pages"}],"about":[{"href":"https:\/\/ambler.es\/ca\/wp-json\/wp\/v2\/types\/page"}],"author":[{"embeddable":true,"href":"https:\/\/ambler.es\/ca\/wp-json\/wp\/v2\/users\/12"}],"replies":[{"embeddable":true,"href":"https:\/\/ambler.es\/ca\/wp-json\/wp\/v2\/comments?post=6579"}],"version-history":[{"count":1,"href":"https:\/\/ambler.es\/ca\/wp-json\/wp\/v2\/pages\/6579\/revisions"}],"predecessor-version":[{"id":6580,"href":"https:\/\/ambler.es\/ca\/wp-json\/wp\/v2\/pages\/6579\/revisions\/6580"}],"wp:attachment":[{"href":"https:\/\/ambler.es\/ca\/wp-json\/wp\/v2\/media?parent=6579"}],"wp:term":[{"taxonomy":"post_tag","embeddable":true,"href":"https:\/\/ambler.es\/ca\/wp-json\/wp\/v2\/tags?post=6579"}],"curies":[{"name":"wp","href":"https:\/\/api.w.org\/{rel}","templated":true}]}}