{"id":948,"date":"2024-06-05T14:35:12","date_gmt":"2024-06-05T14:35:12","guid":{"rendered":"https:\/\/ambler.es\/?page_id=948"},"modified":"2024-06-05T14:35:12","modified_gmt":"2024-06-05T14:35:12","slug":"gracies","status":"publish","type":"page","link":"https:\/\/ambler.es\/ca\/gracies\/","title":{"rendered":"Gr\u00e0cies"},"content":{"rendered":"\t\t<div data-elementor-type=\"wp-page\" data-elementor-id=\"948\" class=\"elementor elementor-948 elementor-888\" data-elementor-post-type=\"page\">\n\t\t\t\t<div class=\"elementor-element elementor-element-c503b9b e-flex e-con-boxed e-con e-parent\" data-id=\"c503b9b\" data-element_type=\"container\" data-e-type=\"container\">\n\t\t\t\t\t<div class=\"e-con-inner\">\n\t\t\t\t<div class=\"elementor-element elementor-element-70d9523 elementor-widget elementor-widget-spacer\" data-id=\"70d9523\" data-element_type=\"widget\" data-e-type=\"widget\" data-widget_type=\"spacer.default\">\n\t\t\t\t\t\t\t<div class=\"elementor-spacer\">\n\t\t\t<div class=\"elementor-spacer-inner\"><\/div>\n\t\t<\/div>\n\t\t\t\t\t\t<\/div>\n\t\t\t\t<div class=\"elementor-element elementor-element-344fda5 elementor-widget elementor-widget-spacer\" data-id=\"344fda5\" data-element_type=\"widget\" data-e-type=\"widget\" data-widget_type=\"spacer.default\">\n\t\t\t\t\t\t\t<div class=\"elementor-spacer\">\n\t\t\t<div class=\"elementor-spacer-inner\"><\/div>\n\t\t<\/div>\n\t\t\t\t\t\t<\/div>\n\t\t\t\t<div class=\"elementor-element elementor-element-6e7c787 elementor-widget elementor-widget-heading\" data-id=\"6e7c787\" data-element_type=\"widget\" data-e-type=\"widget\" data-widget_type=\"heading.default\">\n\t\t\t\t\t<h2 class=\"elementor-heading-title elementor-size-default\">Moltes gr\u00e0cies per contactar amb Ambler<\/h2>\t\t\t\t<\/div>\n\t\t\t\t\t<\/div>\n\t\t\t\t<\/div>\n\t\t<div class=\"elementor-element elementor-element-5bd6516 e-flex e-con-boxed e-con e-parent\" data-id=\"5bd6516\" data-element_type=\"container\" data-e-type=\"container\">\n\t\t\t\t\t<div class=\"e-con-inner\">\n\t\t\t\t<div class=\"elementor-element elementor-element-9a33ed2 elementor-widget-divider--view-line elementor-widget elementor-widget-divider\" data-id=\"9a33ed2\" data-element_type=\"widget\" data-e-type=\"widget\" data-widget_type=\"divider.default\">\n\t\t\t\t\t\t\t<div class=\"elementor-divider\">\n\t\t\t<span class=\"elementor-divider-separator\">\n\t\t\t\t\t\t<\/span>\n\t\t<\/div>\n\t\t\t\t\t\t<\/div>\n\t\t\t\t\t<\/div>\n\t\t\t\t<\/div>\n\t\t<div class=\"elementor-element elementor-element-23f002e e-flex e-con-boxed e-con e-parent\" data-id=\"23f002e\" data-element_type=\"container\" data-e-type=\"container\">\n\t\t\t\t\t<div class=\"e-con-inner\">\n\t\t\t\t<div class=\"elementor-element elementor-element-2ddbffc elementor-widget elementor-widget-text-editor\" data-id=\"2ddbffc\" data-element_type=\"widget\" data-e-type=\"widget\" data-widget_type=\"text-editor.default\">\n\t\t\t\t\t\t\t\t\t<p>El nostre equip es posar\u00e0 en contacte amb tu el m\u00e9s aviat possible.<\/p>\t\t\t\t\t\t\t\t<\/div>\n\t\t\t\t\t<\/div>\n\t\t\t\t<\/div>\n\t\t<div class=\"elementor-element elementor-element-e176b64 e-flex e-con-boxed e-con e-parent\" data-id=\"e176b64\" data-element_type=\"container\" data-e-type=\"container\">\n\t\t\t\t\t<div class=\"e-con-inner\">\n\t\t\t\t<div class=\"elementor-element elementor-element-0073735 elementor-widget elementor-widget-spacer\" data-id=\"0073735\" data-element_type=\"widget\" data-e-type=\"widget\" data-widget_type=\"spacer.default\">\n\t\t\t\t\t\t\t<div class=\"elementor-spacer\">\n\t\t\t<div class=\"elementor-spacer-inner\"><\/div>\n\t\t<\/div>\n\t\t\t\t\t\t<\/div>\n\t\t\t\t\t<\/div>\n\t\t\t\t<\/div>\n\t\t<div class=\"elementor-element elementor-element-ccaeab9 e-flex e-con-boxed e-con e-parent\" data-id=\"ccaeab9\" data-element_type=\"container\" data-e-type=\"container\">\n\t\t\t\t\t<div class=\"e-con-inner\">\n\t\t\t\t<div class=\"elementor-element elementor-element-4ee1c4c elementor-widget elementor-widget-spacer\" data-id=\"4ee1c4c\" data-element_type=\"widget\" data-e-type=\"widget\" data-widget_type=\"spacer.default\">\n\t\t\t\t\t\t\t<div class=\"elementor-spacer\">\n\t\t\t<div class=\"elementor-spacer-inner\"><\/div>\n\t\t<\/div>\n\t\t\t\t\t\t<\/div>\n\t\t\t\t\t<\/div>\n\t\t\t\t<\/div>\n\t\t\t\t<\/div>\n\t\t","protected":false},"excerpt":{"rendered":"<p>Moltes gr\u00e0cies per contactar amb Ambler El nostre equip es posar\u00e0 en contacte amb tu el m\u00e9s aviat possible.<\/p>\n","protected":false},"author":3,"featured_media":864,"parent":0,"menu_order":14,"comment_status":"closed","ping_status":"closed","template":"","meta":{"_acf_changed":false,"footnotes":""},"tags":[],"class_list":["post-948","page","type-page","status-publish","has-post-thumbnail","hentry"],"acf":[],"yoast_head":"<!-- This site is optimized with the Yoast SEO plugin v27.5 - https:\/\/yoast.com\/product\/yoast-seo-wordpress\/ -->\n<title>Gr\u00e0cies - Ambler | Corredur\u00eda de Seguros<\/title>\n<meta name=\"robots\" content=\"index, follow, max-snippet:-1, max-image-preview:large, max-video-preview:-1\" \/>\n<link rel=\"canonical\" href=\"https:\/\/ambler.es\/ca\/gracies\/\" \/>\n<meta property=\"og:locale\" content=\"ca_ES\" \/>\n<meta property=\"og:type\" content=\"article\" \/>\n<meta property=\"og:title\" content=\"Gr\u00e0cies - Ambler | Corredur\u00eda de Seguros\" \/>\n<meta property=\"og:description\" content=\"Moltes gr\u00e0cies per contactar amb Ambler El nostre equip es posar\u00e0 en contacte amb tu el m\u00e9s aviat possible.\" \/>\n<meta property=\"og:url\" content=\"https:\/\/ambler.es\/ca\/gracies\/\" \/>\n<meta property=\"og:site_name\" content=\"Ambler | Corredur\u00eda de Seguros\" \/>\n<meta property=\"og:image\" content=\"https:\/\/ambler.es\/wp-content\/uploads\/2024\/05\/amblerseguros_logo-1.jpeg\" \/>\n\t<meta property=\"og:image:width\" content=\"200\" \/>\n\t<meta property=\"og:image:height\" content=\"200\" \/>\n\t<meta property=\"og:image:type\" content=\"image\/jpeg\" \/>\n<meta name=\"twitter:card\" content=\"summary_large_image\" \/>\n<meta name=\"twitter:label1\" content=\"Temps estimat de lectura\" \/>\n\t<meta name=\"twitter:data1\" content=\"1 minut\" \/>\n<script type=\"application\/ld+json\" class=\"yoast-schema-graph\">{\"@context\":\"https:\\\/\\\/schema.org\",\"@graph\":[{\"@type\":\"WebPage\",\"@id\":\"https:\\\/\\\/ambler.es\\\/ca\\\/gracies\\\/\",\"url\":\"https:\\\/\\\/ambler.es\\\/ca\\\/gracies\\\/\",\"name\":\"Gr\u00e0cies - Ambler | Corredur\u00eda de Seguros\",\"isPartOf\":{\"@id\":\"https:\\\/\\\/ambler.es\\\/ca\\\/#website\"},\"primaryImageOfPage\":{\"@id\":\"https:\\\/\\\/ambler.es\\\/ca\\\/gracies\\\/#primaryimage\"},\"image\":{\"@id\":\"https:\\\/\\\/ambler.es\\\/ca\\\/gracies\\\/#primaryimage\"},\"thumbnailUrl\":\"https:\\\/\\\/ambler.es\\\/wp-content\\\/uploads\\\/2024\\\/05\\\/amblerseguros_logo-1.jpeg\",\"datePublished\":\"2024-06-05T14:35:12+00:00\",\"breadcrumb\":{\"@id\":\"https:\\\/\\\/ambler.es\\\/ca\\\/gracies\\\/#breadcrumb\"},\"inLanguage\":\"ca\",\"potentialAction\":[{\"@type\":\"ReadAction\",\"target\":[\"https:\\\/\\\/ambler.es\\\/ca\\\/gracies\\\/\"]}]},{\"@type\":\"ImageObject\",\"inLanguage\":\"ca\",\"@id\":\"https:\\\/\\\/ambler.es\\\/ca\\\/gracies\\\/#primaryimage\",\"url\":\"https:\\\/\\\/ambler.es\\\/wp-content\\\/uploads\\\/2024\\\/05\\\/amblerseguros_logo-1.jpeg\",\"contentUrl\":\"https:\\\/\\\/ambler.es\\\/wp-content\\\/uploads\\\/2024\\\/05\\\/amblerseguros_logo-1.jpeg\",\"width\":200,\"height\":200,\"caption\":\"correduria de seguros\"},{\"@type\":\"BreadcrumbList\",\"@id\":\"https:\\\/\\\/ambler.es\\\/ca\\\/gracies\\\/#breadcrumb\",\"itemListElement\":[{\"@type\":\"ListItem\",\"position\":1,\"name\":\"Portada\",\"item\":\"https:\\\/\\\/ambler.es\\\/\"},{\"@type\":\"ListItem\",\"position\":2,\"name\":\"Gr\u00e0cies\"}]},{\"@type\":\"WebSite\",\"@id\":\"https:\\\/\\\/ambler.es\\\/ca\\\/#website\",\"url\":\"https:\\\/\\\/ambler.es\\\/ca\\\/\",\"name\":\"Ambler | Corredur\u00eda de Seguros\",\"description\":\"Ambler es tu Corredur\u00eda de Seguros de confianza. Gestionamos tus riesgos para darte tranquilidad a ti y a los tuyos. Cont\u00e1ctanos para saber m\u00e1s.\",\"publisher\":{\"@id\":\"https:\\\/\\\/ambler.es\\\/ca\\\/#organization\"},\"potentialAction\":[{\"@type\":\"SearchAction\",\"target\":{\"@type\":\"EntryPoint\",\"urlTemplate\":\"https:\\\/\\\/ambler.es\\\/ca\\\/?s={search_term_string}\"},\"query-input\":{\"@type\":\"PropertyValueSpecification\",\"valueRequired\":true,\"valueName\":\"search_term_string\"}}],\"inLanguage\":\"ca\"},{\"@type\":\"Organization\",\"@id\":\"https:\\\/\\\/ambler.es\\\/ca\\\/#organization\",\"name\":\"Ambler | Corredur\u00eda de Seguros\",\"url\":\"https:\\\/\\\/ambler.es\\\/ca\\\/\",\"logo\":{\"@type\":\"ImageObject\",\"inLanguage\":\"ca\",\"@id\":\"https:\\\/\\\/ambler.es\\\/ca\\\/#\\\/schema\\\/logo\\\/image\\\/\",\"url\":\"https:\\\/\\\/ambler.es\\\/wp-content\\\/uploads\\\/2024\\\/12\\\/logo-ambler.svg\",\"contentUrl\":\"https:\\\/\\\/ambler.es\\\/wp-content\\\/uploads\\\/2024\\\/12\\\/logo-ambler.svg\",\"caption\":\"Ambler | Corredur\u00eda de Seguros\"},\"image\":{\"@id\":\"https:\\\/\\\/ambler.es\\\/ca\\\/#\\\/schema\\\/logo\\\/image\\\/\"}}]}<\/script>\n<!-- \/ Yoast SEO plugin. -->","yoast_head_json":{"title":"Gr\u00e0cies - Ambler | Corredur\u00eda de Seguros","robots":{"index":"index","follow":"follow","max-snippet":"max-snippet:-1","max-image-preview":"max-image-preview:large","max-video-preview":"max-video-preview:-1"},"canonical":"https:\/\/ambler.es\/ca\/gracies\/","og_locale":"ca_ES","og_type":"article","og_title":"Gr\u00e0cies - Ambler | Corredur\u00eda de Seguros","og_description":"Moltes gr\u00e0cies per contactar amb Ambler El nostre equip es posar\u00e0 en contacte amb tu el m\u00e9s aviat possible.","og_url":"https:\/\/ambler.es\/ca\/gracies\/","og_site_name":"Ambler | Corredur\u00eda de Seguros","og_image":[{"width":200,"height":200,"url":"https:\/\/ambler.es\/wp-content\/uploads\/2024\/05\/amblerseguros_logo-1.jpeg","type":"image\/jpeg"}],"twitter_card":"summary_large_image","twitter_misc":{"Temps estimat de lectura":"1 minut"},"schema":{"@context":"https:\/\/schema.org","@graph":[{"@type":"WebPage","@id":"https:\/\/ambler.es\/ca\/gracies\/","url":"https:\/\/ambler.es\/ca\/gracies\/","name":"Gr\u00e0cies - Ambler | Corredur\u00eda de Seguros","isPartOf":{"@id":"https:\/\/ambler.es\/ca\/#website"},"primaryImageOfPage":{"@id":"https:\/\/ambler.es\/ca\/gracies\/#primaryimage"},"image":{"@id":"https:\/\/ambler.es\/ca\/gracies\/#primaryimage"},"thumbnailUrl":"https:\/\/ambler.es\/wp-content\/uploads\/2024\/05\/amblerseguros_logo-1.jpeg","datePublished":"2024-06-05T14:35:12+00:00","breadcrumb":{"@id":"https:\/\/ambler.es\/ca\/gracies\/#breadcrumb"},"inLanguage":"ca","potentialAction":[{"@type":"ReadAction","target":["https:\/\/ambler.es\/ca\/gracies\/"]}]},{"@type":"ImageObject","inLanguage":"ca","@id":"https:\/\/ambler.es\/ca\/gracies\/#primaryimage","url":"https:\/\/ambler.es\/wp-content\/uploads\/2024\/05\/amblerseguros_logo-1.jpeg","contentUrl":"https:\/\/ambler.es\/wp-content\/uploads\/2024\/05\/amblerseguros_logo-1.jpeg","width":200,"height":200,"caption":"correduria de seguros"},{"@type":"BreadcrumbList","@id":"https:\/\/ambler.es\/ca\/gracies\/#breadcrumb","itemListElement":[{"@type":"ListItem","position":1,"name":"Portada","item":"https:\/\/ambler.es\/"},{"@type":"ListItem","position":2,"name":"Gr\u00e0cies"}]},{"@type":"WebSite","@id":"https:\/\/ambler.es\/ca\/#website","url":"https:\/\/ambler.es\/ca\/","name":"Ambler | Corredur\u00eda de Seguros","description":"Ambler es tu Corredur\u00eda de Seguros de confianza. Gestionamos tus riesgos para darte tranquilidad a ti y a los tuyos. Cont\u00e1ctanos para saber m\u00e1s.","publisher":{"@id":"https:\/\/ambler.es\/ca\/#organization"},"potentialAction":[{"@type":"SearchAction","target":{"@type":"EntryPoint","urlTemplate":"https:\/\/ambler.es\/ca\/?s={search_term_string}"},"query-input":{"@type":"PropertyValueSpecification","valueRequired":true,"valueName":"search_term_string"}}],"inLanguage":"ca"},{"@type":"Organization","@id":"https:\/\/ambler.es\/ca\/#organization","name":"Ambler | Corredur\u00eda de Seguros","url":"https:\/\/ambler.es\/ca\/","logo":{"@type":"ImageObject","inLanguage":"ca","@id":"https:\/\/ambler.es\/ca\/#\/schema\/logo\/image\/","url":"https:\/\/ambler.es\/wp-content\/uploads\/2024\/12\/logo-ambler.svg","contentUrl":"https:\/\/ambler.es\/wp-content\/uploads\/2024\/12\/logo-ambler.svg","caption":"Ambler | Corredur\u00eda de Seguros"},"image":{"@id":"https:\/\/ambler.es\/ca\/#\/schema\/logo\/image\/"}}]}},"_links":{"self":[{"href":"https:\/\/ambler.es\/ca\/wp-json\/wp\/v2\/pages\/948","targetHints":{"allow":["GET"]}}],"collection":[{"href":"https:\/\/ambler.es\/ca\/wp-json\/wp\/v2\/pages"}],"about":[{"href":"https:\/\/ambler.es\/ca\/wp-json\/wp\/v2\/types\/page"}],"author":[{"embeddable":true,"href":"https:\/\/ambler.es\/ca\/wp-json\/wp\/v2\/users\/3"}],"replies":[{"embeddable":true,"href":"https:\/\/ambler.es\/ca\/wp-json\/wp\/v2\/comments?post=948"}],"version-history":[{"count":0,"href":"https:\/\/ambler.es\/ca\/wp-json\/wp\/v2\/pages\/948\/revisions"}],"wp:featuredmedia":[{"embeddable":true,"href":"https:\/\/ambler.es\/ca\/wp-json\/wp\/v2\/media\/864"}],"wp:attachment":[{"href":"https:\/\/ambler.es\/ca\/wp-json\/wp\/v2\/media?parent=948"}],"wp:term":[{"taxonomy":"post_tag","embeddable":true,"href":"https:\/\/ambler.es\/ca\/wp-json\/wp\/v2\/tags?post=948"}],"curies":[{"name":"wp","href":"https:\/\/api.w.org\/{rel}","templated":true}]}}