{"id":4381,"date":"2024-02-08T21:06:00","date_gmt":"2024-02-08T20:06:00","guid":{"rendered":"https:\/\/ambler.es\/business-insurance\/cybersecurity-insurance\/"},"modified":"2026-01-26T11:10:46","modified_gmt":"2026-01-26T10:10:46","slug":"cybersecurity-insurance","status":"publish","type":"page","link":"https:\/\/ambler.es\/en\/companies\/cybersecurity\/","title":{"rendered":"Cybersecurity Insurance"},"content":{"rendered":"<p>Employee health insurance<\/p>\n","protected":false},"excerpt":{"rendered":"<p>Employee health insurance<\/p>\n","protected":false},"author":3,"featured_media":4382,"parent":4376,"menu_order":34,"comment_status":"closed","ping_status":"closed","template":"","meta":{"_acf_changed":false,"footnotes":""},"tags":[170],"class_list":["post-4381","page","type-page","status-publish","has-post-thumbnail","hentry","tag-seguros"],"acf":[],"yoast_head":"<!-- This site is optimized with the Yoast SEO plugin v27.4 - https:\/\/yoast.com\/product\/yoast-seo-wordpress\/ -->\n<title>Cybersecurity Insurance - Ambler | Corredur\u00eda de Seguros<\/title>\n<meta name=\"description\" content=\"We protect your digital assets and ensure peace of mind in the ever-evolving digital environment with our cybersecurity insurance.\" \/>\n<meta name=\"robots\" content=\"index, follow, max-snippet:-1, max-image-preview:large, max-video-preview:-1\" \/>\n<link rel=\"canonical\" href=\"https:\/\/ambler.es\/en\/companies\/cybersecurity\/\" \/>\n<meta property=\"og:locale\" content=\"en_US\" \/>\n<meta property=\"og:type\" content=\"article\" \/>\n<meta property=\"og:title\" content=\"Cybersecurity Insurance - Ambler | Corredur\u00eda de Seguros\" \/>\n<meta property=\"og:description\" content=\"We protect your digital assets and ensure peace of mind in the ever-evolving digital environment with our cybersecurity insurance.\" \/>\n<meta property=\"og:url\" content=\"https:\/\/ambler.es\/en\/companies\/cybersecurity\/\" \/>\n<meta property=\"og:site_name\" content=\"Ambler | Corredur\u00eda de Seguros\" \/>\n<meta property=\"article:modified_time\" content=\"2026-01-26T10:10:46+00:00\" \/>\n<meta property=\"og:image\" content=\"https:\/\/ambler.es\/wp-content\/uploads\/2024\/02\/seguro-de-ciberseguridad-1.png\" \/>\n\t<meta property=\"og:image:width\" content=\"1920\" \/>\n\t<meta property=\"og:image:height\" content=\"600\" \/>\n\t<meta property=\"og:image:type\" content=\"image\/png\" \/>\n<meta name=\"twitter:card\" content=\"summary_large_image\" \/>\n<script type=\"application\/ld+json\" class=\"yoast-schema-graph\">{\"@context\":\"https:\\\/\\\/schema.org\",\"@graph\":[{\"@type\":\"WebPage\",\"@id\":\"https:\\\/\\\/ambler.es\\\/en\\\/companies\\\/cybersecurity\\\/\",\"url\":\"https:\\\/\\\/ambler.es\\\/en\\\/companies\\\/cybersecurity\\\/\",\"name\":\"Cybersecurity Insurance - Ambler | Corredur\u00eda de Seguros\",\"isPartOf\":{\"@id\":\"https:\\\/\\\/ambler.es\\\/en\\\/#website\"},\"primaryImageOfPage\":{\"@id\":\"https:\\\/\\\/ambler.es\\\/en\\\/companies\\\/cybersecurity\\\/#primaryimage\"},\"image\":{\"@id\":\"https:\\\/\\\/ambler.es\\\/en\\\/companies\\\/cybersecurity\\\/#primaryimage\"},\"thumbnailUrl\":\"https:\\\/\\\/ambler.es\\\/wp-content\\\/uploads\\\/2024\\\/02\\\/seguro-de-ciberseguridad-1.png\",\"datePublished\":\"2024-02-08T20:06:00+00:00\",\"dateModified\":\"2026-01-26T10:10:46+00:00\",\"description\":\"We protect your digital assets and ensure peace of mind in the ever-evolving digital environment with our cybersecurity insurance.\",\"breadcrumb\":{\"@id\":\"https:\\\/\\\/ambler.es\\\/en\\\/companies\\\/cybersecurity\\\/#breadcrumb\"},\"inLanguage\":\"en-US\",\"potentialAction\":[{\"@type\":\"ReadAction\",\"target\":[\"https:\\\/\\\/ambler.es\\\/en\\\/companies\\\/cybersecurity\\\/\"]}]},{\"@type\":\"ImageObject\",\"inLanguage\":\"en-US\",\"@id\":\"https:\\\/\\\/ambler.es\\\/en\\\/companies\\\/cybersecurity\\\/#primaryimage\",\"url\":\"https:\\\/\\\/ambler.es\\\/wp-content\\\/uploads\\\/2024\\\/02\\\/seguro-de-ciberseguridad-1.png\",\"contentUrl\":\"https:\\\/\\\/ambler.es\\\/wp-content\\\/uploads\\\/2024\\\/02\\\/seguro-de-ciberseguridad-1.png\",\"width\":1920,\"height\":600,\"caption\":\"seguro de ciberseguridad\"},{\"@type\":\"BreadcrumbList\",\"@id\":\"https:\\\/\\\/ambler.es\\\/en\\\/companies\\\/cybersecurity\\\/#breadcrumb\",\"itemListElement\":[{\"@type\":\"ListItem\",\"position\":1,\"name\":\"Portada\",\"item\":\"https:\\\/\\\/ambler.es\\\/en\\\/home\\\/\"},{\"@type\":\"ListItem\",\"position\":2,\"name\":\"Business Insurance\",\"item\":\"https:\\\/\\\/ambler.es\\\/en\\\/businesses\\\/\"},{\"@type\":\"ListItem\",\"position\":3,\"name\":\"Cybersecurity Insurance\"}]},{\"@type\":\"WebSite\",\"@id\":\"https:\\\/\\\/ambler.es\\\/en\\\/#website\",\"url\":\"https:\\\/\\\/ambler.es\\\/en\\\/\",\"name\":\"Ambler | Corredur\u00eda de Seguros\",\"description\":\"Ambler es tu Corredur\u00eda de Seguros de confianza. Gestionamos tus riesgos para darte tranquilidad a ti y a los tuyos. Cont\u00e1ctanos para saber m\u00e1s.\",\"publisher\":{\"@id\":\"https:\\\/\\\/ambler.es\\\/en\\\/#organization\"},\"potentialAction\":[{\"@type\":\"SearchAction\",\"target\":{\"@type\":\"EntryPoint\",\"urlTemplate\":\"https:\\\/\\\/ambler.es\\\/en\\\/?s={search_term_string}\"},\"query-input\":{\"@type\":\"PropertyValueSpecification\",\"valueRequired\":true,\"valueName\":\"search_term_string\"}}],\"inLanguage\":\"en-US\"},{\"@type\":\"Organization\",\"@id\":\"https:\\\/\\\/ambler.es\\\/en\\\/#organization\",\"name\":\"Ambler | Corredur\u00eda de Seguros\",\"url\":\"https:\\\/\\\/ambler.es\\\/en\\\/\",\"logo\":{\"@type\":\"ImageObject\",\"inLanguage\":\"en-US\",\"@id\":\"https:\\\/\\\/ambler.es\\\/en\\\/#\\\/schema\\\/logo\\\/image\\\/\",\"url\":\"https:\\\/\\\/ambler.es\\\/wp-content\\\/uploads\\\/2024\\\/12\\\/logo-ambler.svg\",\"contentUrl\":\"https:\\\/\\\/ambler.es\\\/wp-content\\\/uploads\\\/2024\\\/12\\\/logo-ambler.svg\",\"caption\":\"Ambler | Corredur\u00eda de Seguros\"},\"image\":{\"@id\":\"https:\\\/\\\/ambler.es\\\/en\\\/#\\\/schema\\\/logo\\\/image\\\/\"}}]}<\/script>\n<!-- \/ Yoast SEO plugin. -->","yoast_head_json":{"title":"Cybersecurity Insurance - Ambler | Corredur\u00eda de Seguros","description":"We protect your digital assets and ensure peace of mind in the ever-evolving digital environment with our cybersecurity insurance.","robots":{"index":"index","follow":"follow","max-snippet":"max-snippet:-1","max-image-preview":"max-image-preview:large","max-video-preview":"max-video-preview:-1"},"canonical":"https:\/\/ambler.es\/en\/companies\/cybersecurity\/","og_locale":"en_US","og_type":"article","og_title":"Cybersecurity Insurance - Ambler | Corredur\u00eda de Seguros","og_description":"We protect your digital assets and ensure peace of mind in the ever-evolving digital environment with our cybersecurity insurance.","og_url":"https:\/\/ambler.es\/en\/companies\/cybersecurity\/","og_site_name":"Ambler | Corredur\u00eda de Seguros","article_modified_time":"2026-01-26T10:10:46+00:00","og_image":[{"width":1920,"height":600,"url":"https:\/\/ambler.es\/wp-content\/uploads\/2024\/02\/seguro-de-ciberseguridad-1.png","type":"image\/png"}],"twitter_card":"summary_large_image","schema":{"@context":"https:\/\/schema.org","@graph":[{"@type":"WebPage","@id":"https:\/\/ambler.es\/en\/companies\/cybersecurity\/","url":"https:\/\/ambler.es\/en\/companies\/cybersecurity\/","name":"Cybersecurity Insurance - Ambler | Corredur\u00eda de Seguros","isPartOf":{"@id":"https:\/\/ambler.es\/en\/#website"},"primaryImageOfPage":{"@id":"https:\/\/ambler.es\/en\/companies\/cybersecurity\/#primaryimage"},"image":{"@id":"https:\/\/ambler.es\/en\/companies\/cybersecurity\/#primaryimage"},"thumbnailUrl":"https:\/\/ambler.es\/wp-content\/uploads\/2024\/02\/seguro-de-ciberseguridad-1.png","datePublished":"2024-02-08T20:06:00+00:00","dateModified":"2026-01-26T10:10:46+00:00","description":"We protect your digital assets and ensure peace of mind in the ever-evolving digital environment with our cybersecurity insurance.","breadcrumb":{"@id":"https:\/\/ambler.es\/en\/companies\/cybersecurity\/#breadcrumb"},"inLanguage":"en-US","potentialAction":[{"@type":"ReadAction","target":["https:\/\/ambler.es\/en\/companies\/cybersecurity\/"]}]},{"@type":"ImageObject","inLanguage":"en-US","@id":"https:\/\/ambler.es\/en\/companies\/cybersecurity\/#primaryimage","url":"https:\/\/ambler.es\/wp-content\/uploads\/2024\/02\/seguro-de-ciberseguridad-1.png","contentUrl":"https:\/\/ambler.es\/wp-content\/uploads\/2024\/02\/seguro-de-ciberseguridad-1.png","width":1920,"height":600,"caption":"seguro de ciberseguridad"},{"@type":"BreadcrumbList","@id":"https:\/\/ambler.es\/en\/companies\/cybersecurity\/#breadcrumb","itemListElement":[{"@type":"ListItem","position":1,"name":"Portada","item":"https:\/\/ambler.es\/en\/home\/"},{"@type":"ListItem","position":2,"name":"Business Insurance","item":"https:\/\/ambler.es\/en\/businesses\/"},{"@type":"ListItem","position":3,"name":"Cybersecurity Insurance"}]},{"@type":"WebSite","@id":"https:\/\/ambler.es\/en\/#website","url":"https:\/\/ambler.es\/en\/","name":"Ambler | Corredur\u00eda de Seguros","description":"Ambler es tu Corredur\u00eda de Seguros de confianza. Gestionamos tus riesgos para darte tranquilidad a ti y a los tuyos. Cont\u00e1ctanos para saber m\u00e1s.","publisher":{"@id":"https:\/\/ambler.es\/en\/#organization"},"potentialAction":[{"@type":"SearchAction","target":{"@type":"EntryPoint","urlTemplate":"https:\/\/ambler.es\/en\/?s={search_term_string}"},"query-input":{"@type":"PropertyValueSpecification","valueRequired":true,"valueName":"search_term_string"}}],"inLanguage":"en-US"},{"@type":"Organization","@id":"https:\/\/ambler.es\/en\/#organization","name":"Ambler | Corredur\u00eda de Seguros","url":"https:\/\/ambler.es\/en\/","logo":{"@type":"ImageObject","inLanguage":"en-US","@id":"https:\/\/ambler.es\/en\/#\/schema\/logo\/image\/","url":"https:\/\/ambler.es\/wp-content\/uploads\/2024\/12\/logo-ambler.svg","contentUrl":"https:\/\/ambler.es\/wp-content\/uploads\/2024\/12\/logo-ambler.svg","caption":"Ambler | Corredur\u00eda de Seguros"},"image":{"@id":"https:\/\/ambler.es\/en\/#\/schema\/logo\/image\/"}}]}},"_links":{"self":[{"href":"https:\/\/ambler.es\/en\/wp-json\/wp\/v2\/pages\/4381","targetHints":{"allow":["GET"]}}],"collection":[{"href":"https:\/\/ambler.es\/en\/wp-json\/wp\/v2\/pages"}],"about":[{"href":"https:\/\/ambler.es\/en\/wp-json\/wp\/v2\/types\/page"}],"author":[{"embeddable":true,"href":"https:\/\/ambler.es\/en\/wp-json\/wp\/v2\/users\/3"}],"replies":[{"embeddable":true,"href":"https:\/\/ambler.es\/en\/wp-json\/wp\/v2\/comments?post=4381"}],"version-history":[{"count":1,"href":"https:\/\/ambler.es\/en\/wp-json\/wp\/v2\/pages\/4381\/revisions"}],"predecessor-version":[{"id":6358,"href":"https:\/\/ambler.es\/en\/wp-json\/wp\/v2\/pages\/4381\/revisions\/6358"}],"up":[{"embeddable":true,"href":"https:\/\/ambler.es\/en\/wp-json\/wp\/v2\/pages\/4376"}],"wp:featuredmedia":[{"embeddable":true,"href":"https:\/\/ambler.es\/en\/wp-json\/wp\/v2\/media\/4382"}],"wp:attachment":[{"href":"https:\/\/ambler.es\/en\/wp-json\/wp\/v2\/media?parent=4381"}],"wp:term":[{"taxonomy":"post_tag","embeddable":true,"href":"https:\/\/ambler.es\/en\/wp-json\/wp\/v2\/tags?post=4381"}],"curies":[{"name":"wp","href":"https:\/\/api.w.org\/{rel}","templated":true}]}}