{"id":4384,"date":"2025-01-28T15:20:11","date_gmt":"2025-01-28T14:20:11","guid":{"rendered":"https:\/\/ambler.es\/sectors\/construction\/"},"modified":"2025-06-19T16:39:18","modified_gmt":"2025-06-19T14:39:18","slug":"construction","status":"publish","type":"page","link":"https:\/\/ambler.es\/en\/sectors\/insurance-construction\/","title":{"rendered":"Insurance for the Construction Industry"},"content":{"rendered":"","protected":false},"excerpt":{"rendered":"","protected":false},"author":6,"featured_media":4364,"parent":4359,"menu_order":0,"comment_status":"closed","ping_status":"closed","template":"","meta":{"_acf_changed":false,"footnotes":""},"tags":[65],"class_list":["post-4384","page","type-page","status-publish","has-post-thumbnail","hentry","tag-sectors-en"],"acf":[],"yoast_head":"<!-- This site is optimized with the Yoast SEO plugin v27.2 - https:\/\/yoast.com\/product\/yoast-seo-wordpress\/ -->\n<title>Construction Insurance - Ambler Insurance Brokers<\/title>\n<meta name=\"description\" content=\"Ambler offers insurance for businesses in the construction industry. Find out what compulsory insurances you need to have.\" \/>\n<meta name=\"robots\" content=\"index, follow, max-snippet:-1, max-image-preview:large, max-video-preview:-1\" \/>\n<link rel=\"canonical\" href=\"https:\/\/ambler.es\/en\/sectors\/insurance-construction\/\" \/>\n<meta property=\"og:locale\" content=\"en_US\" \/>\n<meta property=\"og:type\" content=\"article\" \/>\n<meta property=\"og:title\" content=\"Construction Insurance - Ambler Insurance Brokers\" \/>\n<meta property=\"og:description\" content=\"Ambler offers insurance for businesses in the construction industry. Find out what compulsory insurances you need to have.\" \/>\n<meta property=\"og:url\" content=\"https:\/\/ambler.es\/en\/sectors\/insurance-construction\/\" \/>\n<meta property=\"og:site_name\" content=\"Ambler | Corredur\u00eda de Seguros\" \/>\n<meta property=\"article:modified_time\" content=\"2025-06-19T14:39:18+00:00\" \/>\n<meta name=\"twitter:card\" content=\"summary_large_image\" \/>\n<script type=\"application\/ld+json\" class=\"yoast-schema-graph\">{\"@context\":\"https:\/\/schema.org\",\"@graph\":[{\"@type\":\"WebPage\",\"@id\":\"https:\/\/ambler.es\/en\/sectors\/insurance-construction\/\",\"url\":\"https:\/\/ambler.es\/en\/sectors\/insurance-construction\/\",\"name\":\"Construction Insurance - Ambler Insurance Brokers\",\"isPartOf\":{\"@id\":\"https:\/\/ambler.es\/en\/#website\"},\"primaryImageOfPage\":{\"@id\":\"https:\/\/ambler.es\/en\/sectors\/insurance-construction\/#primaryimage\"},\"image\":{\"@id\":\"https:\/\/ambler.es\/en\/sectors\/insurance-construction\/#primaryimage\"},\"thumbnailUrl\":\"https:\/\/ambler.es\/wp-content\/uploads\/2025\/01\/Construccion.png\",\"datePublished\":\"2025-01-28T14:20:11+00:00\",\"dateModified\":\"2025-06-19T14:39:18+00:00\",\"description\":\"Ambler offers insurance for businesses in the construction industry. Find out what compulsory insurances you need to have.\",\"breadcrumb\":{\"@id\":\"https:\/\/ambler.es\/en\/sectors\/insurance-construction\/#breadcrumb\"},\"inLanguage\":\"en-US\",\"potentialAction\":[{\"@type\":\"ReadAction\",\"target\":[\"https:\/\/ambler.es\/en\/sectors\/insurance-construction\/\"]}]},{\"@type\":\"ImageObject\",\"inLanguage\":\"en-US\",\"@id\":\"https:\/\/ambler.es\/en\/sectors\/insurance-construction\/#primaryimage\",\"url\":\"https:\/\/ambler.es\/wp-content\/uploads\/2025\/01\/Construccion.png\",\"contentUrl\":\"https:\/\/ambler.es\/wp-content\/uploads\/2025\/01\/Construccion.png\",\"width\":2560,\"height\":1440},{\"@type\":\"BreadcrumbList\",\"@id\":\"https:\/\/ambler.es\/en\/sectors\/insurance-construction\/#breadcrumb\",\"itemListElement\":[{\"@type\":\"ListItem\",\"position\":1,\"name\":\"Portada\",\"item\":\"https:\/\/ambler.es\/en\/home\/\"},{\"@type\":\"ListItem\",\"position\":2,\"name\":\"Sectores\",\"item\":\"https:\/\/ambler.es\/en\/sectors\/\"},{\"@type\":\"ListItem\",\"position\":3,\"name\":\"Insurance for the Construction Industry\"}]},{\"@type\":\"WebSite\",\"@id\":\"https:\/\/ambler.es\/en\/#website\",\"url\":\"https:\/\/ambler.es\/en\/\",\"name\":\"Ambler | Corredur\u00eda de Seguros\",\"description\":\"Ambler es tu Corredur\u00eda de Seguros de confianza. Gestionamos tus riesgos para darte tranquilidad a ti y a los tuyos. Cont\u00e1ctanos para saber m\u00e1s.\",\"publisher\":{\"@id\":\"https:\/\/ambler.es\/en\/#organization\"},\"potentialAction\":[{\"@type\":\"SearchAction\",\"target\":{\"@type\":\"EntryPoint\",\"urlTemplate\":\"https:\/\/ambler.es\/en\/?s={search_term_string}\"},\"query-input\":{\"@type\":\"PropertyValueSpecification\",\"valueRequired\":true,\"valueName\":\"search_term_string\"}}],\"inLanguage\":\"en-US\"},{\"@type\":\"Organization\",\"@id\":\"https:\/\/ambler.es\/en\/#organization\",\"name\":\"Ambler | Corredur\u00eda de Seguros\",\"url\":\"https:\/\/ambler.es\/en\/\",\"logo\":{\"@type\":\"ImageObject\",\"inLanguage\":\"en-US\",\"@id\":\"https:\/\/ambler.es\/en\/#\/schema\/logo\/image\/\",\"url\":\"https:\/\/ambler.es\/wp-content\/uploads\/2024\/12\/logo-ambler.svg\",\"contentUrl\":\"https:\/\/ambler.es\/wp-content\/uploads\/2024\/12\/logo-ambler.svg\",\"caption\":\"Ambler | Corredur\u00eda de Seguros\"},\"image\":{\"@id\":\"https:\/\/ambler.es\/en\/#\/schema\/logo\/image\/\"}}]}<\/script>\n<!-- \/ Yoast SEO plugin. -->","yoast_head_json":{"title":"Construction Insurance - Ambler Insurance Brokers","description":"Ambler offers insurance for businesses in the construction industry. Find out what compulsory insurances you need to have.","robots":{"index":"index","follow":"follow","max-snippet":"max-snippet:-1","max-image-preview":"max-image-preview:large","max-video-preview":"max-video-preview:-1"},"canonical":"https:\/\/ambler.es\/en\/sectors\/insurance-construction\/","og_locale":"en_US","og_type":"article","og_title":"Construction Insurance - Ambler Insurance Brokers","og_description":"Ambler offers insurance for businesses in the construction industry. Find out what compulsory insurances you need to have.","og_url":"https:\/\/ambler.es\/en\/sectors\/insurance-construction\/","og_site_name":"Ambler | Corredur\u00eda de Seguros","article_modified_time":"2025-06-19T14:39:18+00:00","twitter_card":"summary_large_image","schema":{"@context":"https:\/\/schema.org","@graph":[{"@type":"WebPage","@id":"https:\/\/ambler.es\/en\/sectors\/insurance-construction\/","url":"https:\/\/ambler.es\/en\/sectors\/insurance-construction\/","name":"Construction Insurance - Ambler Insurance Brokers","isPartOf":{"@id":"https:\/\/ambler.es\/en\/#website"},"primaryImageOfPage":{"@id":"https:\/\/ambler.es\/en\/sectors\/insurance-construction\/#primaryimage"},"image":{"@id":"https:\/\/ambler.es\/en\/sectors\/insurance-construction\/#primaryimage"},"thumbnailUrl":"https:\/\/ambler.es\/wp-content\/uploads\/2025\/01\/Construccion.png","datePublished":"2025-01-28T14:20:11+00:00","dateModified":"2025-06-19T14:39:18+00:00","description":"Ambler offers insurance for businesses in the construction industry. Find out what compulsory insurances you need to have.","breadcrumb":{"@id":"https:\/\/ambler.es\/en\/sectors\/insurance-construction\/#breadcrumb"},"inLanguage":"en-US","potentialAction":[{"@type":"ReadAction","target":["https:\/\/ambler.es\/en\/sectors\/insurance-construction\/"]}]},{"@type":"ImageObject","inLanguage":"en-US","@id":"https:\/\/ambler.es\/en\/sectors\/insurance-construction\/#primaryimage","url":"https:\/\/ambler.es\/wp-content\/uploads\/2025\/01\/Construccion.png","contentUrl":"https:\/\/ambler.es\/wp-content\/uploads\/2025\/01\/Construccion.png","width":2560,"height":1440},{"@type":"BreadcrumbList","@id":"https:\/\/ambler.es\/en\/sectors\/insurance-construction\/#breadcrumb","itemListElement":[{"@type":"ListItem","position":1,"name":"Portada","item":"https:\/\/ambler.es\/en\/home\/"},{"@type":"ListItem","position":2,"name":"Sectores","item":"https:\/\/ambler.es\/en\/sectors\/"},{"@type":"ListItem","position":3,"name":"Insurance for the Construction Industry"}]},{"@type":"WebSite","@id":"https:\/\/ambler.es\/en\/#website","url":"https:\/\/ambler.es\/en\/","name":"Ambler | Corredur\u00eda de Seguros","description":"Ambler es tu Corredur\u00eda de Seguros de confianza. Gestionamos tus riesgos para darte tranquilidad a ti y a los tuyos. Cont\u00e1ctanos para saber m\u00e1s.","publisher":{"@id":"https:\/\/ambler.es\/en\/#organization"},"potentialAction":[{"@type":"SearchAction","target":{"@type":"EntryPoint","urlTemplate":"https:\/\/ambler.es\/en\/?s={search_term_string}"},"query-input":{"@type":"PropertyValueSpecification","valueRequired":true,"valueName":"search_term_string"}}],"inLanguage":"en-US"},{"@type":"Organization","@id":"https:\/\/ambler.es\/en\/#organization","name":"Ambler | Corredur\u00eda de Seguros","url":"https:\/\/ambler.es\/en\/","logo":{"@type":"ImageObject","inLanguage":"en-US","@id":"https:\/\/ambler.es\/en\/#\/schema\/logo\/image\/","url":"https:\/\/ambler.es\/wp-content\/uploads\/2024\/12\/logo-ambler.svg","contentUrl":"https:\/\/ambler.es\/wp-content\/uploads\/2024\/12\/logo-ambler.svg","caption":"Ambler | Corredur\u00eda de Seguros"},"image":{"@id":"https:\/\/ambler.es\/en\/#\/schema\/logo\/image\/"}}]}},"_links":{"self":[{"href":"https:\/\/ambler.es\/en\/wp-json\/wp\/v2\/pages\/4384","targetHints":{"allow":["GET"]}}],"collection":[{"href":"https:\/\/ambler.es\/en\/wp-json\/wp\/v2\/pages"}],"about":[{"href":"https:\/\/ambler.es\/en\/wp-json\/wp\/v2\/types\/page"}],"author":[{"embeddable":true,"href":"https:\/\/ambler.es\/en\/wp-json\/wp\/v2\/users\/6"}],"replies":[{"embeddable":true,"href":"https:\/\/ambler.es\/en\/wp-json\/wp\/v2\/comments?post=4384"}],"version-history":[{"count":2,"href":"https:\/\/ambler.es\/en\/wp-json\/wp\/v2\/pages\/4384\/revisions"}],"predecessor-version":[{"id":4775,"href":"https:\/\/ambler.es\/en\/wp-json\/wp\/v2\/pages\/4384\/revisions\/4775"}],"up":[{"embeddable":true,"href":"https:\/\/ambler.es\/en\/wp-json\/wp\/v2\/pages\/4359"}],"wp:featuredmedia":[{"embeddable":true,"href":"https:\/\/ambler.es\/en\/wp-json\/wp\/v2\/media\/4364"}],"wp:attachment":[{"href":"https:\/\/ambler.es\/en\/wp-json\/wp\/v2\/media?parent=4384"}],"wp:term":[{"taxonomy":"post_tag","embeddable":true,"href":"https:\/\/ambler.es\/en\/wp-json\/wp\/v2\/tags?post=4384"}],"curies":[{"name":"wp","href":"https:\/\/api.w.org\/{rel}","templated":true}]}}