{"id":4465,"date":"2024-06-13T15:45:41","date_gmt":"2024-06-13T13:45:41","guid":{"rendered":"https:\/\/ambler.es\/thank-you-for-subscribing\/"},"modified":"2025-06-02T15:23:01","modified_gmt":"2025-06-02T13:23:01","slug":"thank-you-for-subscribing","status":"publish","type":"page","link":"https:\/\/ambler.es\/en\/thank-you-for-subscribing\/","title":{"rendered":"Thank you for subscribing"},"content":{"rendered":"\t\t<div data-elementor-type=\"wp-page\" data-elementor-id=\"4465\" class=\"elementor elementor-4465 elementor-1029\" data-elementor-post-type=\"page\">\n\t\t\t\t<div class=\"elementor-element elementor-element-c503b9b e-flex e-con-boxed e-con e-parent\" data-id=\"c503b9b\" data-element_type=\"container\" data-e-type=\"container\">\n\t\t\t\t\t<div class=\"e-con-inner\">\n\t\t\t\t<div class=\"elementor-element elementor-element-70d9523 elementor-widget elementor-widget-spacer\" data-id=\"70d9523\" data-element_type=\"widget\" data-e-type=\"widget\" data-widget_type=\"spacer.default\">\n\t\t\t\t\t\t\t<div class=\"elementor-spacer\">\n\t\t\t<div class=\"elementor-spacer-inner\"><\/div>\n\t\t<\/div>\n\t\t\t\t\t\t<\/div>\n\t\t\t\t<div class=\"elementor-element elementor-element-344fda5 elementor-widget elementor-widget-spacer\" data-id=\"344fda5\" data-element_type=\"widget\" data-e-type=\"widget\" data-widget_type=\"spacer.default\">\n\t\t\t\t\t\t\t<div class=\"elementor-spacer\">\n\t\t\t<div class=\"elementor-spacer-inner\"><\/div>\n\t\t<\/div>\n\t\t\t\t\t\t<\/div>\n\t\t\t\t<div class=\"elementor-element elementor-element-6e7c787 elementor-widget elementor-widget-heading\" data-id=\"6e7c787\" data-element_type=\"widget\" data-e-type=\"widget\" data-widget_type=\"heading.default\">\n\t\t\t\t\t<h2 class=\"elementor-heading-title elementor-size-default\">Thank you very much for subscribing to our blog <\/h2>\t\t\t\t<\/div>\n\t\t\t\t\t<\/div>\n\t\t\t\t<\/div>\n\t\t<div class=\"elementor-element elementor-element-5bd6516 e-flex e-con-boxed e-con e-parent\" data-id=\"5bd6516\" data-element_type=\"container\" data-e-type=\"container\">\n\t\t\t\t\t<div class=\"e-con-inner\">\n\t\t\t\t<div class=\"elementor-element elementor-element-9a33ed2 elementor-widget-divider--view-line elementor-widget elementor-widget-divider\" data-id=\"9a33ed2\" data-element_type=\"widget\" data-e-type=\"widget\" data-widget_type=\"divider.default\">\n\t\t\t\t\t\t\t<div class=\"elementor-divider\">\n\t\t\t<span class=\"elementor-divider-separator\">\n\t\t\t\t\t\t<\/span>\n\t\t<\/div>\n\t\t\t\t\t\t<\/div>\n\t\t\t\t\t<\/div>\n\t\t\t\t<\/div>\n\t\t<div class=\"elementor-element elementor-element-23f002e e-flex e-con-boxed e-con e-parent\" data-id=\"23f002e\" data-element_type=\"container\" data-e-type=\"container\">\n\t\t\t\t\t<div class=\"e-con-inner\">\n\t\t\t\t<div class=\"elementor-element elementor-element-2ddbffc elementor-widget elementor-widget-text-editor\" data-id=\"2ddbffc\" data-element_type=\"widget\" data-e-type=\"widget\" data-widget_type=\"text-editor.default\">\n\t\t\t\t\t\t\t\t\t<p>You\u2019re now part of our community and will be kept up to date with all the latest news and trends in the industry!<\/p>\t\t\t\t\t\t\t\t<\/div>\n\t\t\t\t\t<\/div>\n\t\t\t\t<\/div>\n\t\t<div class=\"elementor-element elementor-element-e176b64 e-flex e-con-boxed e-con e-parent\" data-id=\"e176b64\" data-element_type=\"container\" data-e-type=\"container\">\n\t\t\t\t\t<div class=\"e-con-inner\">\n\t\t\t\t<div class=\"elementor-element elementor-element-0073735 elementor-widget elementor-widget-spacer\" data-id=\"0073735\" data-element_type=\"widget\" data-e-type=\"widget\" data-widget_type=\"spacer.default\">\n\t\t\t\t\t\t\t<div class=\"elementor-spacer\">\n\t\t\t<div class=\"elementor-spacer-inner\"><\/div>\n\t\t<\/div>\n\t\t\t\t\t\t<\/div>\n\t\t\t\t\t<\/div>\n\t\t\t\t<\/div>\n\t\t<div class=\"elementor-element elementor-element-ccaeab9 e-flex e-con-boxed e-con e-parent\" data-id=\"ccaeab9\" data-element_type=\"container\" data-e-type=\"container\">\n\t\t\t\t\t<div class=\"e-con-inner\">\n\t\t\t\t<div class=\"elementor-element elementor-element-4ee1c4c elementor-widget elementor-widget-spacer\" data-id=\"4ee1c4c\" data-element_type=\"widget\" data-e-type=\"widget\" data-widget_type=\"spacer.default\">\n\t\t\t\t\t\t\t<div class=\"elementor-spacer\">\n\t\t\t<div class=\"elementor-spacer-inner\"><\/div>\n\t\t<\/div>\n\t\t\t\t\t\t<\/div>\n\t\t\t\t\t<\/div>\n\t\t\t\t<\/div>\n\t\t\t\t<\/div>\n\t\t","protected":false},"excerpt":{"rendered":"<p>Thank you very much for subscribing to our blog You\u2019re now part of our community and will be kept up to date with all the latest news and trends in the industry!<\/p>\n","protected":false},"author":3,"featured_media":4462,"parent":0,"menu_order":15,"comment_status":"closed","ping_status":"closed","template":"","meta":{"_acf_changed":false,"footnotes":""},"tags":[],"class_list":["post-4465","page","type-page","status-publish","has-post-thumbnail","hentry"],"acf":[],"yoast_head":"<!-- This site is optimized with the Yoast SEO plugin v27.5 - https:\/\/yoast.com\/product\/yoast-seo-wordpress\/ -->\n<title>Thank you for subscribing - Ambler | Corredur\u00eda de Seguros<\/title>\n<meta name=\"robots\" content=\"index, follow, max-snippet:-1, max-image-preview:large, max-video-preview:-1\" \/>\n<link rel=\"canonical\" href=\"https:\/\/ambler.es\/en\/thank-you-for-subscribing\/\" \/>\n<meta property=\"og:locale\" content=\"en_US\" \/>\n<meta property=\"og:type\" content=\"article\" \/>\n<meta property=\"og:title\" content=\"Thank you for subscribing - Ambler | Corredur\u00eda de Seguros\" \/>\n<meta property=\"og:description\" content=\"Thank you very much for subscribing to our blog You\u2019re now part of our community and will be kept up to date with all the latest news and trends in the industry!\" \/>\n<meta property=\"og:url\" content=\"https:\/\/ambler.es\/en\/thank-you-for-subscribing\/\" \/>\n<meta property=\"og:site_name\" content=\"Ambler | Corredur\u00eda de Seguros\" \/>\n<meta property=\"article:modified_time\" content=\"2025-06-02T13:23:01+00:00\" \/>\n<meta property=\"og:image\" content=\"https:\/\/ambler.es\/wp-content\/uploads\/2024\/05\/amblerseguros_logo.jpeg\" \/>\n\t<meta property=\"og:image:width\" content=\"200\" \/>\n\t<meta property=\"og:image:height\" content=\"200\" \/>\n\t<meta property=\"og:image:type\" content=\"image\/jpeg\" \/>\n<meta name=\"twitter:card\" content=\"summary_large_image\" \/>\n<script type=\"application\/ld+json\" class=\"yoast-schema-graph\">{\"@context\":\"https:\\\/\\\/schema.org\",\"@graph\":[{\"@type\":\"WebPage\",\"@id\":\"https:\\\/\\\/ambler.es\\\/en\\\/thank-you-for-subscribing\\\/\",\"url\":\"https:\\\/\\\/ambler.es\\\/en\\\/thank-you-for-subscribing\\\/\",\"name\":\"Thank you for subscribing - Ambler | Corredur\u00eda de Seguros\",\"isPartOf\":{\"@id\":\"https:\\\/\\\/ambler.es\\\/en\\\/#website\"},\"primaryImageOfPage\":{\"@id\":\"https:\\\/\\\/ambler.es\\\/en\\\/thank-you-for-subscribing\\\/#primaryimage\"},\"image\":{\"@id\":\"https:\\\/\\\/ambler.es\\\/en\\\/thank-you-for-subscribing\\\/#primaryimage\"},\"thumbnailUrl\":\"https:\\\/\\\/ambler.es\\\/wp-content\\\/uploads\\\/2024\\\/05\\\/amblerseguros_logo.jpeg\",\"datePublished\":\"2024-06-13T13:45:41+00:00\",\"dateModified\":\"2025-06-02T13:23:01+00:00\",\"breadcrumb\":{\"@id\":\"https:\\\/\\\/ambler.es\\\/en\\\/thank-you-for-subscribing\\\/#breadcrumb\"},\"inLanguage\":\"en-US\",\"potentialAction\":[{\"@type\":\"ReadAction\",\"target\":[\"https:\\\/\\\/ambler.es\\\/en\\\/thank-you-for-subscribing\\\/\"]}]},{\"@type\":\"ImageObject\",\"inLanguage\":\"en-US\",\"@id\":\"https:\\\/\\\/ambler.es\\\/en\\\/thank-you-for-subscribing\\\/#primaryimage\",\"url\":\"https:\\\/\\\/ambler.es\\\/wp-content\\\/uploads\\\/2024\\\/05\\\/amblerseguros_logo.jpeg\",\"contentUrl\":\"https:\\\/\\\/ambler.es\\\/wp-content\\\/uploads\\\/2024\\\/05\\\/amblerseguros_logo.jpeg\",\"width\":200,\"height\":200,\"caption\":\"correduria de seguros\"},{\"@type\":\"BreadcrumbList\",\"@id\":\"https:\\\/\\\/ambler.es\\\/en\\\/thank-you-for-subscribing\\\/#breadcrumb\",\"itemListElement\":[{\"@type\":\"ListItem\",\"position\":1,\"name\":\"Portada\",\"item\":\"https:\\\/\\\/ambler.es\\\/en\\\/home\\\/\"},{\"@type\":\"ListItem\",\"position\":2,\"name\":\"Thank you for subscribing\"}]},{\"@type\":\"WebSite\",\"@id\":\"https:\\\/\\\/ambler.es\\\/en\\\/#website\",\"url\":\"https:\\\/\\\/ambler.es\\\/en\\\/\",\"name\":\"Ambler | Corredur\u00eda de Seguros\",\"description\":\"Ambler es tu Corredur\u00eda de Seguros de confianza. Gestionamos tus riesgos para darte tranquilidad a ti y a los tuyos. Cont\u00e1ctanos para saber m\u00e1s.\",\"publisher\":{\"@id\":\"https:\\\/\\\/ambler.es\\\/en\\\/#organization\"},\"potentialAction\":[{\"@type\":\"SearchAction\",\"target\":{\"@type\":\"EntryPoint\",\"urlTemplate\":\"https:\\\/\\\/ambler.es\\\/en\\\/?s={search_term_string}\"},\"query-input\":{\"@type\":\"PropertyValueSpecification\",\"valueRequired\":true,\"valueName\":\"search_term_string\"}}],\"inLanguage\":\"en-US\"},{\"@type\":\"Organization\",\"@id\":\"https:\\\/\\\/ambler.es\\\/en\\\/#organization\",\"name\":\"Ambler | Corredur\u00eda de Seguros\",\"url\":\"https:\\\/\\\/ambler.es\\\/en\\\/\",\"logo\":{\"@type\":\"ImageObject\",\"inLanguage\":\"en-US\",\"@id\":\"https:\\\/\\\/ambler.es\\\/en\\\/#\\\/schema\\\/logo\\\/image\\\/\",\"url\":\"https:\\\/\\\/ambler.es\\\/wp-content\\\/uploads\\\/2024\\\/12\\\/logo-ambler.svg\",\"contentUrl\":\"https:\\\/\\\/ambler.es\\\/wp-content\\\/uploads\\\/2024\\\/12\\\/logo-ambler.svg\",\"caption\":\"Ambler | Corredur\u00eda de Seguros\"},\"image\":{\"@id\":\"https:\\\/\\\/ambler.es\\\/en\\\/#\\\/schema\\\/logo\\\/image\\\/\"}}]}<\/script>\n<!-- \/ Yoast SEO plugin. -->","yoast_head_json":{"title":"Thank you for subscribing - Ambler | Corredur\u00eda de Seguros","robots":{"index":"index","follow":"follow","max-snippet":"max-snippet:-1","max-image-preview":"max-image-preview:large","max-video-preview":"max-video-preview:-1"},"canonical":"https:\/\/ambler.es\/en\/thank-you-for-subscribing\/","og_locale":"en_US","og_type":"article","og_title":"Thank you for subscribing - Ambler | Corredur\u00eda de Seguros","og_description":"Thank you very much for subscribing to our blog You\u2019re now part of our community and will be kept up to date with all the latest news and trends in the industry!","og_url":"https:\/\/ambler.es\/en\/thank-you-for-subscribing\/","og_site_name":"Ambler | Corredur\u00eda de Seguros","article_modified_time":"2025-06-02T13:23:01+00:00","og_image":[{"width":200,"height":200,"url":"https:\/\/ambler.es\/wp-content\/uploads\/2024\/05\/amblerseguros_logo.jpeg","type":"image\/jpeg"}],"twitter_card":"summary_large_image","schema":{"@context":"https:\/\/schema.org","@graph":[{"@type":"WebPage","@id":"https:\/\/ambler.es\/en\/thank-you-for-subscribing\/","url":"https:\/\/ambler.es\/en\/thank-you-for-subscribing\/","name":"Thank you for subscribing - Ambler | Corredur\u00eda de Seguros","isPartOf":{"@id":"https:\/\/ambler.es\/en\/#website"},"primaryImageOfPage":{"@id":"https:\/\/ambler.es\/en\/thank-you-for-subscribing\/#primaryimage"},"image":{"@id":"https:\/\/ambler.es\/en\/thank-you-for-subscribing\/#primaryimage"},"thumbnailUrl":"https:\/\/ambler.es\/wp-content\/uploads\/2024\/05\/amblerseguros_logo.jpeg","datePublished":"2024-06-13T13:45:41+00:00","dateModified":"2025-06-02T13:23:01+00:00","breadcrumb":{"@id":"https:\/\/ambler.es\/en\/thank-you-for-subscribing\/#breadcrumb"},"inLanguage":"en-US","potentialAction":[{"@type":"ReadAction","target":["https:\/\/ambler.es\/en\/thank-you-for-subscribing\/"]}]},{"@type":"ImageObject","inLanguage":"en-US","@id":"https:\/\/ambler.es\/en\/thank-you-for-subscribing\/#primaryimage","url":"https:\/\/ambler.es\/wp-content\/uploads\/2024\/05\/amblerseguros_logo.jpeg","contentUrl":"https:\/\/ambler.es\/wp-content\/uploads\/2024\/05\/amblerseguros_logo.jpeg","width":200,"height":200,"caption":"correduria de seguros"},{"@type":"BreadcrumbList","@id":"https:\/\/ambler.es\/en\/thank-you-for-subscribing\/#breadcrumb","itemListElement":[{"@type":"ListItem","position":1,"name":"Portada","item":"https:\/\/ambler.es\/en\/home\/"},{"@type":"ListItem","position":2,"name":"Thank you for subscribing"}]},{"@type":"WebSite","@id":"https:\/\/ambler.es\/en\/#website","url":"https:\/\/ambler.es\/en\/","name":"Ambler | Corredur\u00eda de Seguros","description":"Ambler es tu Corredur\u00eda de Seguros de confianza. Gestionamos tus riesgos para darte tranquilidad a ti y a los tuyos. Cont\u00e1ctanos para saber m\u00e1s.","publisher":{"@id":"https:\/\/ambler.es\/en\/#organization"},"potentialAction":[{"@type":"SearchAction","target":{"@type":"EntryPoint","urlTemplate":"https:\/\/ambler.es\/en\/?s={search_term_string}"},"query-input":{"@type":"PropertyValueSpecification","valueRequired":true,"valueName":"search_term_string"}}],"inLanguage":"en-US"},{"@type":"Organization","@id":"https:\/\/ambler.es\/en\/#organization","name":"Ambler | Corredur\u00eda de Seguros","url":"https:\/\/ambler.es\/en\/","logo":{"@type":"ImageObject","inLanguage":"en-US","@id":"https:\/\/ambler.es\/en\/#\/schema\/logo\/image\/","url":"https:\/\/ambler.es\/wp-content\/uploads\/2024\/12\/logo-ambler.svg","contentUrl":"https:\/\/ambler.es\/wp-content\/uploads\/2024\/12\/logo-ambler.svg","caption":"Ambler | Corredur\u00eda de Seguros"},"image":{"@id":"https:\/\/ambler.es\/en\/#\/schema\/logo\/image\/"}}]}},"_links":{"self":[{"href":"https:\/\/ambler.es\/en\/wp-json\/wp\/v2\/pages\/4465","targetHints":{"allow":["GET"]}}],"collection":[{"href":"https:\/\/ambler.es\/en\/wp-json\/wp\/v2\/pages"}],"about":[{"href":"https:\/\/ambler.es\/en\/wp-json\/wp\/v2\/types\/page"}],"author":[{"embeddable":true,"href":"https:\/\/ambler.es\/en\/wp-json\/wp\/v2\/users\/3"}],"replies":[{"embeddable":true,"href":"https:\/\/ambler.es\/en\/wp-json\/wp\/v2\/comments?post=4465"}],"version-history":[{"count":1,"href":"https:\/\/ambler.es\/en\/wp-json\/wp\/v2\/pages\/4465\/revisions"}],"predecessor-version":[{"id":4466,"href":"https:\/\/ambler.es\/en\/wp-json\/wp\/v2\/pages\/4465\/revisions\/4466"}],"wp:featuredmedia":[{"embeddable":true,"href":"https:\/\/ambler.es\/en\/wp-json\/wp\/v2\/media\/4462"}],"wp:attachment":[{"href":"https:\/\/ambler.es\/en\/wp-json\/wp\/v2\/media?parent=4465"}],"wp:term":[{"taxonomy":"post_tag","embeddable":true,"href":"https:\/\/ambler.es\/en\/wp-json\/wp\/v2\/tags?post=4465"}],"curies":[{"name":"wp","href":"https:\/\/api.w.org\/{rel}","templated":true}]}}