{"id":6581,"date":"2026-02-11T13:36:32","date_gmt":"2026-02-11T12:36:32","guid":{"rendered":"https:\/\/ambler.es\/sitemap\/"},"modified":"2026-02-11T13:41:20","modified_gmt":"2026-02-11T12:41:20","slug":"sitemap","status":"publish","type":"page","link":"https:\/\/ambler.es\/en\/sitemap\/","title":{"rendered":"Sitemap"},"content":{"rendered":"\t\t<div data-elementor-type=\"wp-page\" data-elementor-id=\"6581\" class=\"elementor elementor-6581 elementor-6571\" data-elementor-post-type=\"page\">\n\t\t\t\t<div class=\"elementor-element elementor-element-47d52de e-flex e-con-boxed e-con e-parent\" data-id=\"47d52de\" data-element_type=\"container\" data-e-type=\"container\">\n\t\t\t\t\t<div class=\"e-con-inner\">\n\t\t\t\t<div class=\"elementor-element elementor-element-7591be3 elementor-widget elementor-widget-heading\" data-id=\"7591be3\" data-element_type=\"widget\" data-e-type=\"widget\" data-widget_type=\"heading.default\">\n\t\t\t\t\t<h1 class=\"elementor-heading-title elementor-size-default\">Sitemap<\/h1>\t\t\t\t<\/div>\n\t\t\t\t<div class=\"elementor-element elementor-element-f5804fa elementor-widget elementor-widget-sitemap\" data-id=\"f5804fa\" data-element_type=\"widget\" data-e-type=\"widget\" data-widget_type=\"sitemap.default\">\n\t\t\t\t\t<div class=\"elementor-sitemap-wrap\"><div class=\"elementor-sitemap-section\"><h2 class=\"elementor-sitemap-title elementor-sitemap-page-title\">Pages<\/h2><ul class=\"elementor-sitemap-list elementor-sitemap-page-list\"><li class=\"elementor-sitemap-item elementor-sitemap-item-page page_item page-item-6581\"><a href=\"https:\/\/ambler.es\/en\/sitemap\/\">Sitemap<\/a><\/li><li class=\"elementor-sitemap-item elementor-sitemap-item-page page_item page-item-4456\"><a href=\"https:\/\/ambler.es\/en\/gracias-por-suscribirte-copy\/\">Gracias por suscribirte &#8211; Copy<\/a><\/li><li class=\"elementor-sitemap-item elementor-sitemap-item-page page_item page-item-4384\"><a href=\"https:\/\/ambler.es\/en\/sectors\/insurance-construction\/\">Insurance for the Construction Industry<\/a><\/li><li class=\"elementor-sitemap-item elementor-sitemap-item-page page_item page-item-4390\"><a href=\"https:\/\/ambler.es\/en\/sectors\/property-and-casualty-insurance\/\">Insurance for the Real Estate and Property Sector<\/a><\/li><li class=\"elementor-sitemap-item elementor-sitemap-item-page page_item page-item-4402\"><a href=\"https:\/\/ambler.es\/en\/sectors\/insurance-services-professionals\/\">Professional Services Insurance<\/a><\/li><li class=\"elementor-sitemap-item elementor-sitemap-item-page page_item page-item-4435\"><a href=\"https:\/\/ambler.es\/en\/sectors\/insurance-technology-and-media\/\">Insurance for the Technology and Media Industry<\/a><\/li><li class=\"elementor-sitemap-item elementor-sitemap-item-page page_item page-item-4876\"><a href=\"https:\/\/ambler.es\/en\/sectors\/insurance-for-the-food-and-beverage-sector\/\">Insurance for the Food and Beverage Sector<\/a><\/li><li class=\"elementor-sitemap-item elementor-sitemap-item-page page_item page-item-4336\"><a href=\"https:\/\/ambler.es\/en\/sectors\/insurance-industrial\/\">Insurance for the Industrial Sector<\/a><\/li><li class=\"elementor-sitemap-item elementor-sitemap-item-page page_item page-item-4341\"><a href=\"https:\/\/ambler.es\/en\/sectors\/chemical-and-pharmaceutical-insurance\/\">Insurance for the Pharmaceutical Industry<\/a><\/li><li class=\"elementor-sitemap-item elementor-sitemap-item-page page_item page-item-4397\"><a href=\"https:\/\/ambler.es\/en\/sectors\/insurance-logistics-and-transport\/\">Insurance for the Logistics and Transportation industry<\/a><\/li><li class=\"elementor-sitemap-item elementor-sitemap-item-page page_item page-item-4346\"><a href=\"https:\/\/ambler.es\/en\/sectors\/insurance-tourism-leisure\/\">Tourism, Hospitality and Leisure Insurance<\/a><\/li><li class=\"elementor-sitemap-item elementor-sitemap-item-page page_item page-item-4359\"><a href=\"https:\/\/ambler.es\/en\/sectors\/\">Sectores<\/a><\/li><li class=\"elementor-sitemap-item elementor-sitemap-item-page page_item page-item-5520 current_page_parent\"><a href=\"https:\/\/ambler.es\/en\/blog\/\">Blog<\/a><\/li><li class=\"elementor-sitemap-item elementor-sitemap-item-page page_item page-item-4409\"><a href=\"https:\/\/ambler.es\/en\/companies\/material-damage-insurance\/\">Property Damage Insurance<\/a><\/li><li class=\"elementor-sitemap-item elementor-sitemap-item-page page_item page-item-4411\"><a href=\"https:\/\/ambler.es\/en\/companies\/transport-insurance\/\">Transport Insurance<\/a><\/li><li class=\"elementor-sitemap-item elementor-sitemap-item-page page_item page-item-4395\"><a href=\"https:\/\/ambler.es\/en\/businesses\/d-o-insurance\/\">D&amp;O Insurance<\/a><\/li><li class=\"elementor-sitemap-item elementor-sitemap-item-page page_item page-item-4436\"><a href=\"https:\/\/ambler.es\/en\/private-insurance\/\">Private Insurance<\/a><\/li><li class=\"elementor-sitemap-item elementor-sitemap-item-page page_item page-item-4439\"><a href=\"https:\/\/ambler.es\/en\/about-us\/\">About Us<\/a><\/li><li class=\"elementor-sitemap-item elementor-sitemap-item-page page_item page-item-6378\"><a href=\"https:\/\/ambler.es\/en\/business-insurance\/all-risks-construction-insurance\/\">All Risks Construction Insurance<\/a><\/li><li class=\"elementor-sitemap-item elementor-sitemap-item-page page_item page-item-4433\"><a href=\"https:\/\/ambler.es\/en\/businesses\/environmental-liability-insurance\/\">Environmental Liability Insurance<\/a><\/li><li class=\"elementor-sitemap-item elementor-sitemap-item-page page_item page-item-4431\"><a href=\"https:\/\/ambler.es\/en\/businesses\/employee-health-insurance\/\">employee health insurance<\/a><\/li><li class=\"elementor-sitemap-item elementor-sitemap-item-page page_item page-item-4429\"><a href=\"https:\/\/ambler.es\/en\/businesses\/vehicle-fleet-insurance\/\">Vehicle Fleet Insurance<\/a><\/li><li class=\"elementor-sitemap-item elementor-sitemap-item-page page_item page-item-4418\"><a href=\"https:\/\/ambler.es\/en\/companies\/civil-liability-insurance\/\">Civil Liability Insurance<\/a><\/li><li class=\"elementor-sitemap-item elementor-sitemap-item-page page_item page-item-4416\"><a href=\"https:\/\/ambler.es\/en\/businesses\/travel-assistance-insurance\/\">Travel Assistance Insurance<\/a><\/li><li class=\"elementor-sitemap-item elementor-sitemap-item-page page_item page-item-4413\"><a href=\"https:\/\/ambler.es\/en\/businesses\/professional-liability-insurance\/\">Professional Liability Insurance<\/a><\/li><li class=\"elementor-sitemap-item elementor-sitemap-item-page page_item page-item-4297\"><a href=\"https:\/\/ambler.es\/en\/\">Home<\/a><\/li><li class=\"elementor-sitemap-item elementor-sitemap-item-page page_item page-item-4448\"><a href=\"https:\/\/ambler.es\/en\/contact\/\">Contact<\/a><\/li><li class=\"elementor-sitemap-item elementor-sitemap-item-page page_item page-item-4465\"><a href=\"https:\/\/ambler.es\/en\/thank-you-for-subscribing\/\">Thank you for subscribing<\/a><\/li><li class=\"elementor-sitemap-item elementor-sitemap-item-page page_item page-item-4461\"><a href=\"https:\/\/ambler.es\/en\/thank-you\/\">Thank you<\/a><\/li><li class=\"elementor-sitemap-item elementor-sitemap-item-page page_item page-item-4381\"><a href=\"https:\/\/ambler.es\/en\/companies\/cybersecurity\/\">Cybersecurity Insurance<\/a><\/li><li class=\"elementor-sitemap-item elementor-sitemap-item-page page_item page-item-4383\"><a href=\"https:\/\/ambler.es\/en\/politica-de-cookies\/\">Cookie Policy<\/a><\/li><li class=\"elementor-sitemap-item elementor-sitemap-item-page page_item page-item-4376\"><a href=\"https:\/\/ambler.es\/en\/businesses\/\">Business Insurance<\/a><\/li><\/ul><\/div><div class=\"elementor-sitemap-section\"><h2 class=\"elementor-sitemap-title elementor-sitemap-category-title\">Categories<\/h2><ul class=\"elementor-sitemap-list elementor-sitemap-category-list\">\t<li class=\"elementor-sitemap-item elementor-sitemap-item-category cat-item cat-item-1\"><a href=\"https:\/\/ambler.es\/en\/category\/sin-categoria\/\">Sin categor\u00eda<\/a>\n<\/li>\n\t<li class=\"elementor-sitemap-item elementor-sitemap-item-category cat-item cat-item-58\"><a href=\"https:\/\/ambler.es\/en\/category\/insurance\/\">insurance<\/a>\n<\/li>\n\t<li class=\"elementor-sitemap-item elementor-sitemap-item-category cat-item cat-item-70\"><a href=\"https:\/\/ambler.es\/en\/category\/food-and-beverages\/\">Food and Beverages<\/a>\n<\/li>\n\t<li class=\"elementor-sitemap-item elementor-sitemap-item-category cat-item cat-item-68\"><a href=\"https:\/\/ambler.es\/en\/category\/construccion-en\/\">Construcci\u00f3n<\/a>\n<\/li>\n\t<li class=\"elementor-sitemap-item elementor-sitemap-item-category cat-item cat-item-171\"><a href=\"https:\/\/ambler.es\/en\/category\/civil-liability\/\">civil liability<\/a>\n<\/li>\n<\/ul><\/div><div class=\"elementor-sitemap-section\"><h2 class=\"elementor-sitemap-title elementor-sitemap-casosexito-title\">Casos de \u00c9xito<\/h2><ul class=\"elementor-sitemap-list elementor-sitemap-casosexito-list\"><li class=\"elementor-sitemap-item elementor-sitemap-item-casosexito page_item page-item-6530\"><a href=\"https:\/\/ambler.es\/en\/casosexito\/success-story-in-the-real-estate-and-property-sector\/\">Success story in the real estate and property sector<\/a><\/li><li class=\"elementor-sitemap-item elementor-sitemap-item-casosexito page_item page-item-4871\"><a href=\"https:\/\/ambler.es\/en\/casosexito\/seguros-construccion\/\">Construction Success Story<\/a><\/li><li class=\"elementor-sitemap-item elementor-sitemap-item-casosexito page_item page-item-4874\"><a href=\"https:\/\/ambler.es\/en\/casosexito\/food-and-beverage-success-story\/\">Food and beverage success story<\/a><\/li><li class=\"elementor-sitemap-item elementor-sitemap-item-casosexito page_item page-item-4595\"><a href=\"https:\/\/ambler.es\/en\/casestudy\/insurance-logistics-and-transport\/\">Case Study: Logistics and Transportation<\/a><\/li><li class=\"elementor-sitemap-item elementor-sitemap-item-casosexito page_item page-item-4597\"><a href=\"https:\/\/ambler.es\/en\/casestudy\/pharmaceutical-sector-insurance\/\">Case Study: Pharmaceutical Sector<\/a><\/li><li class=\"elementor-sitemap-item elementor-sitemap-item-casosexito page_item page-item-4599\"><a href=\"https:\/\/ambler.es\/en\/casestudy\/industrial-warehouse-insurance\/\">Case Study: Industrial Warehouses<\/a><\/li><li class=\"elementor-sitemap-item elementor-sitemap-item-casosexito page_item page-item-4601\"><a href=\"https:\/\/ambler.es\/en\/casestudy\/hospitality-insurance\/\">Case Study: Hospitality Industry<\/a><\/li><\/ul><\/div><\/div>\t\t\t\t<\/div>\n\t\t\t\t\t<\/div>\n\t\t\t\t<\/div>\n\t\t\t\t<\/div>\n\t\t","protected":false},"excerpt":{"rendered":"","protected":false},"author":12,"featured_media":0,"parent":0,"menu_order":0,"comment_status":"closed","ping_status":"closed","template":"","meta":{"_acf_changed":false,"footnotes":""},"tags":[],"class_list":["post-6581","page","type-page","status-publish","hentry"],"acf":[],"yoast_head":"<!-- This site is optimized with the Yoast SEO plugin v27.5 - https:\/\/yoast.com\/product\/yoast-seo-wordpress\/ -->\n<title>Sitemap - Ambler | Corredur\u00eda de Seguros<\/title>\n<meta name=\"robots\" content=\"index, follow, max-snippet:-1, max-image-preview:large, max-video-preview:-1\" \/>\n<link rel=\"canonical\" href=\"https:\/\/ambler.es\/en\/sitemap\/\" \/>\n<meta property=\"og:locale\" content=\"en_US\" \/>\n<meta property=\"og:type\" content=\"article\" \/>\n<meta property=\"og:title\" content=\"Sitemap - Ambler | Corredur\u00eda de Seguros\" \/>\n<meta property=\"og:url\" content=\"https:\/\/ambler.es\/en\/sitemap\/\" \/>\n<meta property=\"og:site_name\" content=\"Ambler | Corredur\u00eda de Seguros\" \/>\n<meta property=\"article:modified_time\" content=\"2026-02-11T12:41:20+00:00\" \/>\n<meta name=\"twitter:card\" content=\"summary_large_image\" \/>\n<script type=\"application\/ld+json\" class=\"yoast-schema-graph\">{\"@context\":\"https:\\\/\\\/schema.org\",\"@graph\":[{\"@type\":\"WebPage\",\"@id\":\"https:\\\/\\\/ambler.es\\\/en\\\/sitemap\\\/\",\"url\":\"https:\\\/\\\/ambler.es\\\/en\\\/sitemap\\\/\",\"name\":\"Sitemap - Ambler | Corredur\u00eda de Seguros\",\"isPartOf\":{\"@id\":\"https:\\\/\\\/ambler.es\\\/en\\\/#website\"},\"datePublished\":\"2026-02-11T12:36:32+00:00\",\"dateModified\":\"2026-02-11T12:41:20+00:00\",\"breadcrumb\":{\"@id\":\"https:\\\/\\\/ambler.es\\\/en\\\/sitemap\\\/#breadcrumb\"},\"inLanguage\":\"en-US\",\"potentialAction\":[{\"@type\":\"ReadAction\",\"target\":[\"https:\\\/\\\/ambler.es\\\/en\\\/sitemap\\\/\"]}]},{\"@type\":\"BreadcrumbList\",\"@id\":\"https:\\\/\\\/ambler.es\\\/en\\\/sitemap\\\/#breadcrumb\",\"itemListElement\":[{\"@type\":\"ListItem\",\"position\":1,\"name\":\"Portada\",\"item\":\"https:\\\/\\\/ambler.es\\\/en\\\/home\\\/\"},{\"@type\":\"ListItem\",\"position\":2,\"name\":\"Sitemap\"}]},{\"@type\":\"WebSite\",\"@id\":\"https:\\\/\\\/ambler.es\\\/en\\\/#website\",\"url\":\"https:\\\/\\\/ambler.es\\\/en\\\/\",\"name\":\"Ambler | Corredur\u00eda de Seguros\",\"description\":\"Ambler es tu Corredur\u00eda de Seguros de confianza. Gestionamos tus riesgos para darte tranquilidad a ti y a los tuyos. Cont\u00e1ctanos para saber m\u00e1s.\",\"publisher\":{\"@id\":\"https:\\\/\\\/ambler.es\\\/en\\\/#organization\"},\"potentialAction\":[{\"@type\":\"SearchAction\",\"target\":{\"@type\":\"EntryPoint\",\"urlTemplate\":\"https:\\\/\\\/ambler.es\\\/en\\\/?s={search_term_string}\"},\"query-input\":{\"@type\":\"PropertyValueSpecification\",\"valueRequired\":true,\"valueName\":\"search_term_string\"}}],\"inLanguage\":\"en-US\"},{\"@type\":\"Organization\",\"@id\":\"https:\\\/\\\/ambler.es\\\/en\\\/#organization\",\"name\":\"Ambler | Corredur\u00eda de Seguros\",\"url\":\"https:\\\/\\\/ambler.es\\\/en\\\/\",\"logo\":{\"@type\":\"ImageObject\",\"inLanguage\":\"en-US\",\"@id\":\"https:\\\/\\\/ambler.es\\\/en\\\/#\\\/schema\\\/logo\\\/image\\\/\",\"url\":\"https:\\\/\\\/ambler.es\\\/wp-content\\\/uploads\\\/2024\\\/12\\\/logo-ambler.svg\",\"contentUrl\":\"https:\\\/\\\/ambler.es\\\/wp-content\\\/uploads\\\/2024\\\/12\\\/logo-ambler.svg\",\"caption\":\"Ambler | Corredur\u00eda de Seguros\"},\"image\":{\"@id\":\"https:\\\/\\\/ambler.es\\\/en\\\/#\\\/schema\\\/logo\\\/image\\\/\"}}]}<\/script>\n<!-- \/ Yoast SEO plugin. -->","yoast_head_json":{"title":"Sitemap - Ambler | Corredur\u00eda de Seguros","robots":{"index":"index","follow":"follow","max-snippet":"max-snippet:-1","max-image-preview":"max-image-preview:large","max-video-preview":"max-video-preview:-1"},"canonical":"https:\/\/ambler.es\/en\/sitemap\/","og_locale":"en_US","og_type":"article","og_title":"Sitemap - Ambler | Corredur\u00eda de Seguros","og_url":"https:\/\/ambler.es\/en\/sitemap\/","og_site_name":"Ambler | Corredur\u00eda de Seguros","article_modified_time":"2026-02-11T12:41:20+00:00","twitter_card":"summary_large_image","schema":{"@context":"https:\/\/schema.org","@graph":[{"@type":"WebPage","@id":"https:\/\/ambler.es\/en\/sitemap\/","url":"https:\/\/ambler.es\/en\/sitemap\/","name":"Sitemap - Ambler | Corredur\u00eda de Seguros","isPartOf":{"@id":"https:\/\/ambler.es\/en\/#website"},"datePublished":"2026-02-11T12:36:32+00:00","dateModified":"2026-02-11T12:41:20+00:00","breadcrumb":{"@id":"https:\/\/ambler.es\/en\/sitemap\/#breadcrumb"},"inLanguage":"en-US","potentialAction":[{"@type":"ReadAction","target":["https:\/\/ambler.es\/en\/sitemap\/"]}]},{"@type":"BreadcrumbList","@id":"https:\/\/ambler.es\/en\/sitemap\/#breadcrumb","itemListElement":[{"@type":"ListItem","position":1,"name":"Portada","item":"https:\/\/ambler.es\/en\/home\/"},{"@type":"ListItem","position":2,"name":"Sitemap"}]},{"@type":"WebSite","@id":"https:\/\/ambler.es\/en\/#website","url":"https:\/\/ambler.es\/en\/","name":"Ambler | Corredur\u00eda de Seguros","description":"Ambler es tu Corredur\u00eda de Seguros de confianza. Gestionamos tus riesgos para darte tranquilidad a ti y a los tuyos. Cont\u00e1ctanos para saber m\u00e1s.","publisher":{"@id":"https:\/\/ambler.es\/en\/#organization"},"potentialAction":[{"@type":"SearchAction","target":{"@type":"EntryPoint","urlTemplate":"https:\/\/ambler.es\/en\/?s={search_term_string}"},"query-input":{"@type":"PropertyValueSpecification","valueRequired":true,"valueName":"search_term_string"}}],"inLanguage":"en-US"},{"@type":"Organization","@id":"https:\/\/ambler.es\/en\/#organization","name":"Ambler | Corredur\u00eda de Seguros","url":"https:\/\/ambler.es\/en\/","logo":{"@type":"ImageObject","inLanguage":"en-US","@id":"https:\/\/ambler.es\/en\/#\/schema\/logo\/image\/","url":"https:\/\/ambler.es\/wp-content\/uploads\/2024\/12\/logo-ambler.svg","contentUrl":"https:\/\/ambler.es\/wp-content\/uploads\/2024\/12\/logo-ambler.svg","caption":"Ambler | Corredur\u00eda de Seguros"},"image":{"@id":"https:\/\/ambler.es\/en\/#\/schema\/logo\/image\/"}}]}},"_links":{"self":[{"href":"https:\/\/ambler.es\/en\/wp-json\/wp\/v2\/pages\/6581","targetHints":{"allow":["GET"]}}],"collection":[{"href":"https:\/\/ambler.es\/en\/wp-json\/wp\/v2\/pages"}],"about":[{"href":"https:\/\/ambler.es\/en\/wp-json\/wp\/v2\/types\/page"}],"author":[{"embeddable":true,"href":"https:\/\/ambler.es\/en\/wp-json\/wp\/v2\/users\/12"}],"replies":[{"embeddable":true,"href":"https:\/\/ambler.es\/en\/wp-json\/wp\/v2\/comments?post=6581"}],"version-history":[{"count":1,"href":"https:\/\/ambler.es\/en\/wp-json\/wp\/v2\/pages\/6581\/revisions"}],"predecessor-version":[{"id":6582,"href":"https:\/\/ambler.es\/en\/wp-json\/wp\/v2\/pages\/6581\/revisions\/6582"}],"wp:attachment":[{"href":"https:\/\/ambler.es\/en\/wp-json\/wp\/v2\/media?parent=6581"}],"wp:term":[{"taxonomy":"post_tag","embeddable":true,"href":"https:\/\/ambler.es\/en\/wp-json\/wp\/v2\/tags?post=6581"}],"curies":[{"name":"wp","href":"https:\/\/api.w.org\/{rel}","templated":true}]}}